{"id":731,"date":"2021-05-17T12:18:31","date_gmt":"2021-05-17T10:18:31","guid":{"rendered":"https:\/\/spotonline.de\/shop\/?post_type=product&#038;p=731"},"modified":"2021-05-17T12:21:08","modified_gmt":"2021-05-17T10:21:08","slug":"leinwandbild-kessel-kohlekraftwerk","status":"publish","type":"product","link":"https:\/\/spotonline.de\/shop\/produkt\/leinwandbild-kessel-kohlekraftwerk\/","title":{"rendered":"Leinwandbild Kessel Kohlekraftwerk"},"content":{"rendered":"<p class=\"product-details-description__text\">Das Bild zeigt die Kohlesch\u00e4chte eines Kessels in einem alten Braunkohlekraftwerk.<\/p>\n<p>Das Motiv ist auf eine Premium- Leinwand gedruckt. Die Leinwand wird in Handarbeit auf einen klassischen Keilrahmen gezogen und mit Holzkeilen gespannt.<br \/>\nDas Motiv ist \u00fcber die R\u00e4nder hinaus, wie bei einer klassischen Kunstleinwand, um den Rahmen gefaltet.<\/p>\n<p>Das Bild wird mit fertig zum Aufh\u00e4ngen geliefert.<\/p>\n<p>&nbsp;<\/p>\n","protected":false},"excerpt":{"rendered":"<p>Das Bild zeigt die Kohlesch\u00e4chte eines Kessels in einem alten Braunkohlekraftwerk.<\/p>\n","protected":false},"featured_media":732,"template":"","meta":[],"product_cat":[53,72],"product_tag":[],"class_list":{"0":"post-731","1":"product","2":"type-product","3":"status-publish","4":"has-post-thumbnail","6":"product_cat-fun_lifestyle","7":"product_cat-leinwandbilder","8":"product_shipping_class-liefergebuehren-5-eur","10":"first","11":"instock","12":"taxable","13":"shipping-taxable","14":"purchasable","15":"product-type-variable"},"tiered_pricing_type":"fixed","tiered_pricing_fixed_rules":[],"tiered_pricing_percentage_rules":[],"tiered_pricing_minimum":1,"_administrator_tiered_pricing_type":"fixed","_administrator_tiered_pricing_fixed_rules":[],"_editor_tiered_pricing_type":"fixed","_editor_tiered_pricing_fixed_rules":[],"_author_tiered_pricing_type":"fixed","_author_tiered_pricing_fixed_rules":[],"_contributor_tiered_pricing_type":"fixed","_contributor_tiered_pricing_fixed_rules":[],"_subscriber_tiered_pricing_type":"fixed","_subscriber_tiered_pricing_fixed_rules":[],"_customer_tiered_pricing_type":"fixed","_customer_tiered_pricing_fixed_rules":[],"_shop_manager_tiered_pricing_type":"fixed","_shop_manager_tiered_pricing_fixed_rules":[],"_guest_tiered_pricing_type":"fixed","_guest_tiered_pricing_fixed_rules":[],"_wpseo_manager_tiered_pricing_type":"fixed","_wpseo_manager_tiered_pricing_fixed_rules":[],"_wpseo_editor_tiered_pricing_type":"fixed","_wpseo_editor_tiered_pricing_fixed_rules":[],"yoast_head":"<!-- This site is optimized with the Yoast SEO plugin v24.0 - https:\/\/yoast.com\/wordpress\/plugins\/seo\/ -->\n<title>Leinwandbild Kessel Kohlekraftwerk | spotonline shop<\/title>\n<meta name=\"description\" content=\"Premium- Leinwandbild mit Kohlesch\u00e4chten eines Kessel im alten Kohlekraftwerk als Motiv. In verschiedenen Gr\u00f6\u00dfen erh\u00e4ltlich.\" \/>\n<meta name=\"robots\" content=\"index, follow, max-snippet:-1, max-image-preview:large, max-video-preview:-1\" \/>\n<link rel=\"canonical\" href=\"https:\/\/spotonline.de\/shop\/produkt\/leinwandbild-kessel-kohlekraftwerk\/\" \/>\n<meta property=\"og:locale\" content=\"de_DE\" \/>\n<meta property=\"og:type\" content=\"article\" \/>\n<meta property=\"og:title\" content=\"Leinwandbild Kessel Kohlekraftwerk | spotonline shop\" \/>\n<meta property=\"og:description\" content=\"Premium- Leinwandbild mit Kohlesch\u00e4chten eines Kessel im alten Kohlekraftwerk als Motiv. In verschiedenen Gr\u00f6\u00dfen erh\u00e4ltlich.\" \/>\n<meta property=\"og:url\" content=\"https:\/\/spotonline.de\/shop\/produkt\/leinwandbild-kessel-kohlekraftwerk\/\" \/>\n<meta property=\"og:site_name\" content=\"spotonline shop\" \/>\n<meta property=\"article:publisher\" content=\"https:\/\/www.facebook.com\/spotonlineruhland\" \/>\n<meta property=\"article:modified_time\" content=\"2021-05-17T10:21:08+00:00\" \/>\n<meta property=\"og:image\" content=\"https:\/\/spotonline.de\/shop\/wp-content\/uploads\/2021\/05\/kraftwerk1.jpg\" \/>\n\t<meta property=\"og:image:width\" content=\"1500\" \/>\n\t<meta property=\"og:image:height\" content=\"1001\" \/>\n\t<meta property=\"og:image:type\" content=\"image\/jpeg\" \/>\n<meta name=\"twitter:card\" content=\"summary_large_image\" \/>\n<meta name=\"twitter:label1\" content=\"Gesch\u00e4tzte Lesezeit\" \/>\n\t<meta name=\"twitter:data1\" content=\"1\u00a0Minute\" \/>\n<script type=\"application\/ld+json\" class=\"yoast-schema-graph\">{\"@context\":\"https:\/\/schema.org\",\"@graph\":[{\"@type\":\"WebPage\",\"@id\":\"https:\/\/spotonline.de\/shop\/produkt\/leinwandbild-kessel-kohlekraftwerk\/\",\"url\":\"https:\/\/spotonline.de\/shop\/produkt\/leinwandbild-kessel-kohlekraftwerk\/\",\"name\":\"Leinwandbild Kessel Kohlekraftwerk | spotonline shop\",\"isPartOf\":{\"@id\":\"https:\/\/spotonline.de\/shop\/#website\"},\"primaryImageOfPage\":{\"@id\":\"https:\/\/spotonline.de\/shop\/produkt\/leinwandbild-kessel-kohlekraftwerk\/#primaryimage\"},\"image\":{\"@id\":\"https:\/\/spotonline.de\/shop\/produkt\/leinwandbild-kessel-kohlekraftwerk\/#primaryimage\"},\"thumbnailUrl\":\"https:\/\/spotonline.de\/shop\/wp-content\/uploads\/2021\/05\/kraftwerk1.jpg\",\"datePublished\":\"2021-05-17T10:18:31+00:00\",\"dateModified\":\"2021-05-17T10:21:08+00:00\",\"description\":\"Premium- Leinwandbild mit Kohlesch\u00e4chten eines Kessel im alten Kohlekraftwerk als Motiv. In verschiedenen Gr\u00f6\u00dfen erh\u00e4ltlich.\",\"breadcrumb\":{\"@id\":\"https:\/\/spotonline.de\/shop\/produkt\/leinwandbild-kessel-kohlekraftwerk\/#breadcrumb\"},\"inLanguage\":\"de\",\"potentialAction\":[{\"@type\":\"ReadAction\",\"target\":[\"https:\/\/spotonline.de\/shop\/produkt\/leinwandbild-kessel-kohlekraftwerk\/\"]}]},{\"@type\":\"ImageObject\",\"inLanguage\":\"de\",\"@id\":\"https:\/\/spotonline.de\/shop\/produkt\/leinwandbild-kessel-kohlekraftwerk\/#primaryimage\",\"url\":\"https:\/\/spotonline.de\/shop\/wp-content\/uploads\/2021\/05\/kraftwerk1.jpg\",\"contentUrl\":\"https:\/\/spotonline.de\/shop\/wp-content\/uploads\/2021\/05\/kraftwerk1.jpg\",\"width\":1500,\"height\":1001,\"caption\":\"Leinwand Kohlekraftwerk Kessel\"},{\"@type\":\"BreadcrumbList\",\"@id\":\"https:\/\/spotonline.de\/shop\/produkt\/leinwandbild-kessel-kohlekraftwerk\/#breadcrumb\",\"itemListElement\":[{\"@type\":\"ListItem\",\"position\":1,\"name\":\"Startseite\",\"item\":\"https:\/\/spotonline.de\/shop\/\"},{\"@type\":\"ListItem\",\"position\":2,\"name\":\"Druckerzeugnisse, Textildrucke und Lifestyle\",\"item\":\"https:\/\/spotonline.de\/shop\/\"},{\"@type\":\"ListItem\",\"position\":3,\"name\":\"Leinwandbild Kessel Kohlekraftwerk\"}]},{\"@type\":\"WebSite\",\"@id\":\"https:\/\/spotonline.de\/shop\/#website\",\"url\":\"https:\/\/spotonline.de\/shop\/\",\"name\":\"spotonline shop\",\"description\":\"Shop f\u00fcr Druckerzeugnisse, T-Shirts, Leinwandbilder\",\"publisher\":{\"@id\":\"https:\/\/spotonline.de\/shop\/#organization\"},\"potentialAction\":[{\"@type\":\"SearchAction\",\"target\":{\"@type\":\"EntryPoint\",\"urlTemplate\":\"https:\/\/spotonline.de\/shop\/?s={search_term_string}\"},\"query-input\":{\"@type\":\"PropertyValueSpecification\",\"valueRequired\":true,\"valueName\":\"search_term_string\"}}],\"inLanguage\":\"de\"},{\"@type\":\"Organization\",\"@id\":\"https:\/\/spotonline.de\/shop\/#organization\",\"name\":\"spotonline\",\"url\":\"https:\/\/spotonline.de\/shop\/\",\"logo\":{\"@type\":\"ImageObject\",\"inLanguage\":\"de\",\"@id\":\"https:\/\/spotonline.de\/shop\/#\/schema\/logo\/image\/\",\"url\":\"https:\/\/spotonline.de\/shop\/wp-content\/uploads\/2021\/03\/logo_trans_2_zu_1.png\",\"contentUrl\":\"https:\/\/spotonline.de\/shop\/wp-content\/uploads\/2021\/03\/logo_trans_2_zu_1.png\",\"width\":1000,\"height\":500,\"caption\":\"spotonline\"},\"image\":{\"@id\":\"https:\/\/spotonline.de\/shop\/#\/schema\/logo\/image\/\"},\"sameAs\":[\"https:\/\/www.facebook.com\/spotonlineruhland\",\"https:\/\/www.instagram.com\/spotonlineruhland\",\"https:\/\/www.linkedin.com\/company\/spotonline\"]}]}<\/script>\n<!-- \/ Yoast SEO plugin. -->","yoast_head_json":{"title":"Leinwandbild Kessel Kohlekraftwerk | spotonline shop","description":"Premium- Leinwandbild mit Kohlesch\u00e4chten eines Kessel im alten Kohlekraftwerk als Motiv. In verschiedenen Gr\u00f6\u00dfen erh\u00e4ltlich.","robots":{"index":"index","follow":"follow","max-snippet":"max-snippet:-1","max-image-preview":"max-image-preview:large","max-video-preview":"max-video-preview:-1"},"canonical":"https:\/\/spotonline.de\/shop\/produkt\/leinwandbild-kessel-kohlekraftwerk\/","og_locale":"de_DE","og_type":"article","og_title":"Leinwandbild Kessel Kohlekraftwerk | spotonline shop","og_description":"Premium- Leinwandbild mit Kohlesch\u00e4chten eines Kessel im alten Kohlekraftwerk als Motiv. In verschiedenen Gr\u00f6\u00dfen erh\u00e4ltlich.","og_url":"https:\/\/spotonline.de\/shop\/produkt\/leinwandbild-kessel-kohlekraftwerk\/","og_site_name":"spotonline shop","article_publisher":"https:\/\/www.facebook.com\/spotonlineruhland","article_modified_time":"2021-05-17T10:21:08+00:00","og_image":[{"width":1500,"height":1001,"url":"https:\/\/spotonline.de\/shop\/wp-content\/uploads\/2021\/05\/kraftwerk1.jpg","type":"image\/jpeg"}],"twitter_card":"summary_large_image","twitter_misc":{"Gesch\u00e4tzte Lesezeit":"1\u00a0Minute"},"schema":{"@context":"https:\/\/schema.org","@graph":[{"@type":"WebPage","@id":"https:\/\/spotonline.de\/shop\/produkt\/leinwandbild-kessel-kohlekraftwerk\/","url":"https:\/\/spotonline.de\/shop\/produkt\/leinwandbild-kessel-kohlekraftwerk\/","name":"Leinwandbild Kessel Kohlekraftwerk | spotonline shop","isPartOf":{"@id":"https:\/\/spotonline.de\/shop\/#website"},"primaryImageOfPage":{"@id":"https:\/\/spotonline.de\/shop\/produkt\/leinwandbild-kessel-kohlekraftwerk\/#primaryimage"},"image":{"@id":"https:\/\/spotonline.de\/shop\/produkt\/leinwandbild-kessel-kohlekraftwerk\/#primaryimage"},"thumbnailUrl":"https:\/\/spotonline.de\/shop\/wp-content\/uploads\/2021\/05\/kraftwerk1.jpg","datePublished":"2021-05-17T10:18:31+00:00","dateModified":"2021-05-17T10:21:08+00:00","description":"Premium- Leinwandbild mit Kohlesch\u00e4chten eines Kessel im alten Kohlekraftwerk als Motiv. In verschiedenen Gr\u00f6\u00dfen erh\u00e4ltlich.","breadcrumb":{"@id":"https:\/\/spotonline.de\/shop\/produkt\/leinwandbild-kessel-kohlekraftwerk\/#breadcrumb"},"inLanguage":"de","potentialAction":[{"@type":"ReadAction","target":["https:\/\/spotonline.de\/shop\/produkt\/leinwandbild-kessel-kohlekraftwerk\/"]}]},{"@type":"ImageObject","inLanguage":"de","@id":"https:\/\/spotonline.de\/shop\/produkt\/leinwandbild-kessel-kohlekraftwerk\/#primaryimage","url":"https:\/\/spotonline.de\/shop\/wp-content\/uploads\/2021\/05\/kraftwerk1.jpg","contentUrl":"https:\/\/spotonline.de\/shop\/wp-content\/uploads\/2021\/05\/kraftwerk1.jpg","width":1500,"height":1001,"caption":"Leinwand Kohlekraftwerk Kessel"},{"@type":"BreadcrumbList","@id":"https:\/\/spotonline.de\/shop\/produkt\/leinwandbild-kessel-kohlekraftwerk\/#breadcrumb","itemListElement":[{"@type":"ListItem","position":1,"name":"Startseite","item":"https:\/\/spotonline.de\/shop\/"},{"@type":"ListItem","position":2,"name":"Druckerzeugnisse, Textildrucke und Lifestyle","item":"https:\/\/spotonline.de\/shop\/"},{"@type":"ListItem","position":3,"name":"Leinwandbild Kessel Kohlekraftwerk"}]},{"@type":"WebSite","@id":"https:\/\/spotonline.de\/shop\/#website","url":"https:\/\/spotonline.de\/shop\/","name":"spotonline shop","description":"Shop f\u00fcr Druckerzeugnisse, T-Shirts, Leinwandbilder","publisher":{"@id":"https:\/\/spotonline.de\/shop\/#organization"},"potentialAction":[{"@type":"SearchAction","target":{"@type":"EntryPoint","urlTemplate":"https:\/\/spotonline.de\/shop\/?s={search_term_string}"},"query-input":{"@type":"PropertyValueSpecification","valueRequired":true,"valueName":"search_term_string"}}],"inLanguage":"de"},{"@type":"Organization","@id":"https:\/\/spotonline.de\/shop\/#organization","name":"spotonline","url":"https:\/\/spotonline.de\/shop\/","logo":{"@type":"ImageObject","inLanguage":"de","@id":"https:\/\/spotonline.de\/shop\/#\/schema\/logo\/image\/","url":"https:\/\/spotonline.de\/shop\/wp-content\/uploads\/2021\/03\/logo_trans_2_zu_1.png","contentUrl":"https:\/\/spotonline.de\/shop\/wp-content\/uploads\/2021\/03\/logo_trans_2_zu_1.png","width":1000,"height":500,"caption":"spotonline"},"image":{"@id":"https:\/\/spotonline.de\/shop\/#\/schema\/logo\/image\/"},"sameAs":["https:\/\/www.facebook.com\/spotonlineruhland","https:\/\/www.instagram.com\/spotonlineruhland","https:\/\/www.linkedin.com\/company\/spotonline"]}]}},"_links":{"self":[{"href":"https:\/\/spotonline.de\/shop\/wp-json\/wp\/v2\/product\/731","targetHints":{"allow":["GET"]}}],"collection":[{"href":"https:\/\/spotonline.de\/shop\/wp-json\/wp\/v2\/product"}],"about":[{"href":"https:\/\/spotonline.de\/shop\/wp-json\/wp\/v2\/types\/product"}],"wp:featuredmedia":[{"embeddable":true,"href":"https:\/\/spotonline.de\/shop\/wp-json\/wp\/v2\/media\/732"}],"wp:attachment":[{"href":"https:\/\/spotonline.de\/shop\/wp-json\/wp\/v2\/media?parent=731"}],"wp:term":[{"taxonomy":"product_cat","embeddable":true,"href":"https:\/\/spotonline.de\/shop\/wp-json\/wp\/v2\/product_cat?post=731"},{"taxonomy":"product_tag","embeddable":true,"href":"https:\/\/spotonline.de\/shop\/wp-json\/wp\/v2\/product_tag?post=731"}],"curies":[{"name":"wp","href":"https:\/\/api.w.org\/{rel}","templated":true}]}}