{"id":714,"date":"2021-05-17T09:37:43","date_gmt":"2021-05-17T07:37:43","guid":{"rendered":"https:\/\/spotonline.de\/shop\/?post_type=product&#038;p=714"},"modified":"2021-06-09T13:41:21","modified_gmt":"2021-06-09T11:41:21","slug":"abschlussshirt","status":"publish","type":"product","link":"https:\/\/spotonline.de\/shop\/produkt\/abschlussshirt\/","title":{"rendered":"Abschlussshirt mit eurem individuellen Motiv"},"content":{"rendered":"<div class=\"col-12 col-md-6 col-lg-6 m-pt-details__section\">\n<p>Das rundhals T-Shirt von<span style=\"font-size: 16px;\"> spotonline ist bestens geeignet f\u00fcr euer Abschluss-Shirt und das angebotene Gr\u00f6\u00dfenspektrum passt f\u00fcr Gro\u00df und Klein.<br \/>\nIhr k\u00f6nnt aus verschiedenen Farben w\u00e4hlen und die entsprechenden Gr\u00f6\u00dfen bestellen.\u00a0<\/span><\/p>\n<p>Ihr k\u00f6nnt zwei Motive auf euer Shirt drucken. Ein Motiv auf die Vorderseite und ein Motiv auf die R\u00fcckseite. Bitte ladet beide Motive in einer Datei hoch. In dieser Datei muss zuerst die Vorder- und dann die R\u00fcckseite drin sein.<\/p>\n<p>Das Angebot gilt f\u00fcr alle Abschlussklassen, egal ob Abi, 10. Klasse, Fort- oder Weiterbildung. Ihr habt eure Schule geschafft? Dann haben wir das richtige Shirt f\u00fcr euch!<\/p>\n<\/div>\n<p><strong>Wenn Ihr:<\/strong><\/p>\n<div class=\"col-12 col-md-6 col-lg-6 m-pt-details__section\">\n<ul>\n<li>euch unsicher seid<\/li>\n<li>Hilfe ben\u00f6tigt<\/li>\n<li>unterschiedliche Farben m\u00f6chtet<\/li>\n<li>noch kein Design habt<\/li>\n<li>oder noch nicht so richtig wisst was Ihr m\u00f6chtet<\/li>\n<\/ul>\n<p>so meldet euch bitte bei uns. Es entstehen euch dadurch keine Kosten. Gerade wenn Ihr das erste mal T-Shirts bedrucken lasst kann ein wenig Hilfe gut sein.<\/p>\n<p><strong>Hier ein paar Angaben zum T-Shirt:<\/strong><\/p>\n<div class=\"m-pt-details__description\">\n<ul class=\"listMCE\">\n<li>Stoffqualit\u00e4t: 180 g\/m\u00b2<\/li>\n<li>Material: 100% Baumwolle, gek\u00e4mmt, ringgesponnen<\/li>\n<li>40\u00b0C waschbar<\/li>\n<li>Nackenband<\/li>\n<li>Doppeln\u00e4hte an Schultern, Hals- und Armausschnitt<\/li>\n<li>Rundhalsausschnitt mit Elasthan<\/li>\n<li>Ohne Seitennaht<\/li>\n<\/ul>\n<\/div>\n<\/div>\n<div class=\"col-12 col-md-6 m-pt-details__section\">\n<p><strong>Gr\u00f6\u00dfentabelle<\/strong><\/p>\n<div class=\"col-12 col-md-6 m-pt-details__section\">\n<p><img loading=\"lazy\" decoding=\"async\" class=\"size-medium wp-image-107\" src=\"https:\/\/www.spotonline.de\/shop\/wp-content\/uploads\/2021\/01\/shirt_groesse-250x300.png\" alt=\"T-Shirt Ma\u00df\" width=\"250\" height=\"300\" srcset=\"https:\/\/spotonline.de\/shop\/wp-content\/uploads\/2021\/01\/shirt_groesse-250x300.png 250w, https:\/\/spotonline.de\/shop\/wp-content\/uploads\/2021\/01\/shirt_groesse-416x498.png 416w, https:\/\/spotonline.de\/shop\/wp-content\/uploads\/2021\/01\/shirt_groesse.png 611w\" sizes=\"auto, (max-width: 250px) 100vw, 250px\" \/><\/p>\n<\/div>\n<p><strong>Eure Gr\u00f6\u00dfe finden:<\/strong><br \/>\nVergleicht die Angaben mit einem T-Shirt, das Ihr bereits zu Hause habt.<br \/>\nLegt das Kleidungsst\u00fcck zum Messen flach auf einen Tisch oder Boden. Die Angaben der Gr\u00f6\u00dfentabelle ist in cm.<\/p>\n<p><img loading=\"lazy\" decoding=\"async\" class=\"size-medium wp-image-414\" src=\"https:\/\/www.spotonline.de\/shop\/wp-content\/uploads\/2021\/03\/groessentabelle-300x183.png\" alt=\"Gr\u00f6\u00dfentabelle T-Shirt Rundhals\" width=\"300\" height=\"183\" srcset=\"https:\/\/spotonline.de\/shop\/wp-content\/uploads\/2021\/03\/groessentabelle-300x183.png 300w, https:\/\/spotonline.de\/shop\/wp-content\/uploads\/2021\/03\/groessentabelle-416x253.png 416w, https:\/\/spotonline.de\/shop\/wp-content\/uploads\/2021\/03\/groessentabelle.png 545w\" sizes=\"auto, (max-width: 300px) 100vw, 300px\" \/><\/p>\n<\/div>\n","protected":false},"excerpt":{"rendered":"<p><strong>Euer Abschlussshirt mit eurem Aufdruck vorn und hinten<\/strong><\/p>\n<p>Sucht Ihr noch eine Druckerei f\u00fcr den Druck eurer Abschlussshirts? Ihr habt auch schon ein Design oder eine Idee? Dann seid Ihr bei uns genau richtig.<br \/>\n<span style=\"font-size: 16px;\">Achtet bitte auf die Hinweise in der Beschreibung.<\/span><\/p>\n<p>&nbsp;<\/p>\n","protected":false},"featured_media":761,"template":"","meta":[],"product_cat":[52,40],"product_tag":[],"class_list":{"0":"post-714","1":"product","2":"type-product","3":"status-publish","4":"has-post-thumbnail","6":"product_cat-druckerzeugnisse","7":"product_cat-textildruck","8":"product_shipping_class-kostenloser-versand","10":"first","11":"instock","12":"taxable","13":"shipping-taxable","14":"purchasable","15":"product-type-variable"},"tiered_pricing_type":"fixed","tiered_pricing_fixed_rules":[],"tiered_pricing_percentage_rules":[],"tiered_pricing_minimum":1,"_administrator_tiered_pricing_type":"fixed","_administrator_tiered_pricing_fixed_rules":[],"_editor_tiered_pricing_type":"fixed","_editor_tiered_pricing_fixed_rules":[],"_author_tiered_pricing_type":"fixed","_author_tiered_pricing_fixed_rules":[],"_contributor_tiered_pricing_type":"fixed","_contributor_tiered_pricing_fixed_rules":[],"_subscriber_tiered_pricing_type":"fixed","_subscriber_tiered_pricing_fixed_rules":[],"_customer_tiered_pricing_type":"fixed","_customer_tiered_pricing_fixed_rules":[],"_shop_manager_tiered_pricing_type":"fixed","_shop_manager_tiered_pricing_fixed_rules":[],"_guest_tiered_pricing_type":"fixed","_guest_tiered_pricing_fixed_rules":[],"_wpseo_manager_tiered_pricing_type":"fixed","_wpseo_manager_tiered_pricing_fixed_rules":[],"_wpseo_editor_tiered_pricing_type":"fixed","_wpseo_editor_tiered_pricing_fixed_rules":[],"yoast_head":"<!-- This site is optimized with the Yoast SEO plugin v24.0 - https:\/\/yoast.com\/wordpress\/plugins\/seo\/ -->\n<title>Abschlussshirt mit eurem individuellen Motiv | spotonline shop<\/title>\n<meta name=\"description\" content=\"Ihr sucht eine Druckerei f\u00fcr den Druck eures Abschlusshirts? Dann seit Ihr bei uns genau richtig!\" \/>\n<meta name=\"robots\" content=\"index, follow, max-snippet:-1, max-image-preview:large, max-video-preview:-1\" \/>\n<link rel=\"canonical\" href=\"https:\/\/spotonline.de\/shop\/produkt\/abschlussshirt\/\" \/>\n<meta property=\"og:locale\" content=\"de_DE\" \/>\n<meta property=\"og:type\" content=\"article\" \/>\n<meta property=\"og:title\" content=\"Abschlussshirt mit eurem individuellen Motiv | spotonline shop\" \/>\n<meta property=\"og:description\" content=\"Ihr sucht eine Druckerei f\u00fcr den Druck eures Abschlusshirts? Dann seit Ihr bei uns genau richtig!\" \/>\n<meta property=\"og:url\" content=\"https:\/\/spotonline.de\/shop\/produkt\/abschlussshirt\/\" \/>\n<meta property=\"og:site_name\" content=\"spotonline shop\" \/>\n<meta property=\"article:publisher\" content=\"https:\/\/www.facebook.com\/spotonlineruhland\" \/>\n<meta property=\"article:modified_time\" content=\"2021-06-09T11:41:21+00:00\" \/>\n<meta property=\"og:image\" content=\"https:\/\/spotonline.de\/shop\/wp-content\/uploads\/2021\/05\/abschlussshirt_vorn-1.jpg\" \/>\n\t<meta property=\"og:image:width\" content=\"1900\" \/>\n\t<meta property=\"og:image:height\" content=\"1200\" \/>\n\t<meta property=\"og:image:type\" content=\"image\/jpeg\" \/>\n<meta name=\"twitter:card\" content=\"summary_large_image\" \/>\n<meta name=\"twitter:label1\" content=\"Gesch\u00e4tzte Lesezeit\" \/>\n\t<meta name=\"twitter:data1\" content=\"2\u00a0Minuten\" \/>\n<script type=\"application\/ld+json\" class=\"yoast-schema-graph\">{\"@context\":\"https:\/\/schema.org\",\"@graph\":[{\"@type\":\"WebPage\",\"@id\":\"https:\/\/spotonline.de\/shop\/produkt\/abschlussshirt\/\",\"url\":\"https:\/\/spotonline.de\/shop\/produkt\/abschlussshirt\/\",\"name\":\"Abschlussshirt mit eurem individuellen Motiv | spotonline shop\",\"isPartOf\":{\"@id\":\"https:\/\/spotonline.de\/shop\/#website\"},\"primaryImageOfPage\":{\"@id\":\"https:\/\/spotonline.de\/shop\/produkt\/abschlussshirt\/#primaryimage\"},\"image\":{\"@id\":\"https:\/\/spotonline.de\/shop\/produkt\/abschlussshirt\/#primaryimage\"},\"thumbnailUrl\":\"https:\/\/spotonline.de\/shop\/wp-content\/uploads\/2021\/05\/abschlussshirt_vorn-1.jpg\",\"datePublished\":\"2021-05-17T07:37:43+00:00\",\"dateModified\":\"2021-06-09T11:41:21+00:00\",\"description\":\"Ihr sucht eine Druckerei f\u00fcr den Druck eures Abschlusshirts? Dann seit Ihr bei uns genau richtig!\",\"breadcrumb\":{\"@id\":\"https:\/\/spotonline.de\/shop\/produkt\/abschlussshirt\/#breadcrumb\"},\"inLanguage\":\"de\",\"potentialAction\":[{\"@type\":\"ReadAction\",\"target\":[\"https:\/\/spotonline.de\/shop\/produkt\/abschlussshirt\/\"]}]},{\"@type\":\"ImageObject\",\"inLanguage\":\"de\",\"@id\":\"https:\/\/spotonline.de\/shop\/produkt\/abschlussshirt\/#primaryimage\",\"url\":\"https:\/\/spotonline.de\/shop\/wp-content\/uploads\/2021\/05\/abschlussshirt_vorn-1.jpg\",\"contentUrl\":\"https:\/\/spotonline.de\/shop\/wp-content\/uploads\/2021\/05\/abschlussshirt_vorn-1.jpg\",\"width\":1900,\"height\":1200,\"caption\":\"Abschlussshirt\"},{\"@type\":\"BreadcrumbList\",\"@id\":\"https:\/\/spotonline.de\/shop\/produkt\/abschlussshirt\/#breadcrumb\",\"itemListElement\":[{\"@type\":\"ListItem\",\"position\":1,\"name\":\"Startseite\",\"item\":\"https:\/\/spotonline.de\/shop\/\"},{\"@type\":\"ListItem\",\"position\":2,\"name\":\"Druckerzeugnisse, Textildrucke und Lifestyle\",\"item\":\"https:\/\/spotonline.de\/shop\/\"},{\"@type\":\"ListItem\",\"position\":3,\"name\":\"Abschlussshirt mit eurem individuellen Motiv\"}]},{\"@type\":\"WebSite\",\"@id\":\"https:\/\/spotonline.de\/shop\/#website\",\"url\":\"https:\/\/spotonline.de\/shop\/\",\"name\":\"spotonline shop\",\"description\":\"Shop f\u00fcr Druckerzeugnisse, T-Shirts, Leinwandbilder\",\"publisher\":{\"@id\":\"https:\/\/spotonline.de\/shop\/#organization\"},\"potentialAction\":[{\"@type\":\"SearchAction\",\"target\":{\"@type\":\"EntryPoint\",\"urlTemplate\":\"https:\/\/spotonline.de\/shop\/?s={search_term_string}\"},\"query-input\":{\"@type\":\"PropertyValueSpecification\",\"valueRequired\":true,\"valueName\":\"search_term_string\"}}],\"inLanguage\":\"de\"},{\"@type\":\"Organization\",\"@id\":\"https:\/\/spotonline.de\/shop\/#organization\",\"name\":\"spotonline\",\"url\":\"https:\/\/spotonline.de\/shop\/\",\"logo\":{\"@type\":\"ImageObject\",\"inLanguage\":\"de\",\"@id\":\"https:\/\/spotonline.de\/shop\/#\/schema\/logo\/image\/\",\"url\":\"https:\/\/spotonline.de\/shop\/wp-content\/uploads\/2021\/03\/logo_trans_2_zu_1.png\",\"contentUrl\":\"https:\/\/spotonline.de\/shop\/wp-content\/uploads\/2021\/03\/logo_trans_2_zu_1.png\",\"width\":1000,\"height\":500,\"caption\":\"spotonline\"},\"image\":{\"@id\":\"https:\/\/spotonline.de\/shop\/#\/schema\/logo\/image\/\"},\"sameAs\":[\"https:\/\/www.facebook.com\/spotonlineruhland\",\"https:\/\/www.instagram.com\/spotonlineruhland\",\"https:\/\/www.linkedin.com\/company\/spotonline\"]}]}<\/script>\n<!-- \/ Yoast SEO plugin. -->","yoast_head_json":{"title":"Abschlussshirt mit eurem individuellen Motiv | spotonline shop","description":"Ihr sucht eine Druckerei f\u00fcr den Druck eures Abschlusshirts? Dann seit Ihr bei uns genau richtig!","robots":{"index":"index","follow":"follow","max-snippet":"max-snippet:-1","max-image-preview":"max-image-preview:large","max-video-preview":"max-video-preview:-1"},"canonical":"https:\/\/spotonline.de\/shop\/produkt\/abschlussshirt\/","og_locale":"de_DE","og_type":"article","og_title":"Abschlussshirt mit eurem individuellen Motiv | spotonline shop","og_description":"Ihr sucht eine Druckerei f\u00fcr den Druck eures Abschlusshirts? Dann seit Ihr bei uns genau richtig!","og_url":"https:\/\/spotonline.de\/shop\/produkt\/abschlussshirt\/","og_site_name":"spotonline shop","article_publisher":"https:\/\/www.facebook.com\/spotonlineruhland","article_modified_time":"2021-06-09T11:41:21+00:00","og_image":[{"width":1900,"height":1200,"url":"https:\/\/spotonline.de\/shop\/wp-content\/uploads\/2021\/05\/abschlussshirt_vorn-1.jpg","type":"image\/jpeg"}],"twitter_card":"summary_large_image","twitter_misc":{"Gesch\u00e4tzte Lesezeit":"2\u00a0Minuten"},"schema":{"@context":"https:\/\/schema.org","@graph":[{"@type":"WebPage","@id":"https:\/\/spotonline.de\/shop\/produkt\/abschlussshirt\/","url":"https:\/\/spotonline.de\/shop\/produkt\/abschlussshirt\/","name":"Abschlussshirt mit eurem individuellen Motiv | spotonline shop","isPartOf":{"@id":"https:\/\/spotonline.de\/shop\/#website"},"primaryImageOfPage":{"@id":"https:\/\/spotonline.de\/shop\/produkt\/abschlussshirt\/#primaryimage"},"image":{"@id":"https:\/\/spotonline.de\/shop\/produkt\/abschlussshirt\/#primaryimage"},"thumbnailUrl":"https:\/\/spotonline.de\/shop\/wp-content\/uploads\/2021\/05\/abschlussshirt_vorn-1.jpg","datePublished":"2021-05-17T07:37:43+00:00","dateModified":"2021-06-09T11:41:21+00:00","description":"Ihr sucht eine Druckerei f\u00fcr den Druck eures Abschlusshirts? Dann seit Ihr bei uns genau richtig!","breadcrumb":{"@id":"https:\/\/spotonline.de\/shop\/produkt\/abschlussshirt\/#breadcrumb"},"inLanguage":"de","potentialAction":[{"@type":"ReadAction","target":["https:\/\/spotonline.de\/shop\/produkt\/abschlussshirt\/"]}]},{"@type":"ImageObject","inLanguage":"de","@id":"https:\/\/spotonline.de\/shop\/produkt\/abschlussshirt\/#primaryimage","url":"https:\/\/spotonline.de\/shop\/wp-content\/uploads\/2021\/05\/abschlussshirt_vorn-1.jpg","contentUrl":"https:\/\/spotonline.de\/shop\/wp-content\/uploads\/2021\/05\/abschlussshirt_vorn-1.jpg","width":1900,"height":1200,"caption":"Abschlussshirt"},{"@type":"BreadcrumbList","@id":"https:\/\/spotonline.de\/shop\/produkt\/abschlussshirt\/#breadcrumb","itemListElement":[{"@type":"ListItem","position":1,"name":"Startseite","item":"https:\/\/spotonline.de\/shop\/"},{"@type":"ListItem","position":2,"name":"Druckerzeugnisse, Textildrucke und Lifestyle","item":"https:\/\/spotonline.de\/shop\/"},{"@type":"ListItem","position":3,"name":"Abschlussshirt mit eurem individuellen Motiv"}]},{"@type":"WebSite","@id":"https:\/\/spotonline.de\/shop\/#website","url":"https:\/\/spotonline.de\/shop\/","name":"spotonline shop","description":"Shop f\u00fcr Druckerzeugnisse, T-Shirts, Leinwandbilder","publisher":{"@id":"https:\/\/spotonline.de\/shop\/#organization"},"potentialAction":[{"@type":"SearchAction","target":{"@type":"EntryPoint","urlTemplate":"https:\/\/spotonline.de\/shop\/?s={search_term_string}"},"query-input":{"@type":"PropertyValueSpecification","valueRequired":true,"valueName":"search_term_string"}}],"inLanguage":"de"},{"@type":"Organization","@id":"https:\/\/spotonline.de\/shop\/#organization","name":"spotonline","url":"https:\/\/spotonline.de\/shop\/","logo":{"@type":"ImageObject","inLanguage":"de","@id":"https:\/\/spotonline.de\/shop\/#\/schema\/logo\/image\/","url":"https:\/\/spotonline.de\/shop\/wp-content\/uploads\/2021\/03\/logo_trans_2_zu_1.png","contentUrl":"https:\/\/spotonline.de\/shop\/wp-content\/uploads\/2021\/03\/logo_trans_2_zu_1.png","width":1000,"height":500,"caption":"spotonline"},"image":{"@id":"https:\/\/spotonline.de\/shop\/#\/schema\/logo\/image\/"},"sameAs":["https:\/\/www.facebook.com\/spotonlineruhland","https:\/\/www.instagram.com\/spotonlineruhland","https:\/\/www.linkedin.com\/company\/spotonline"]}]}},"_links":{"self":[{"href":"https:\/\/spotonline.de\/shop\/wp-json\/wp\/v2\/product\/714","targetHints":{"allow":["GET"]}}],"collection":[{"href":"https:\/\/spotonline.de\/shop\/wp-json\/wp\/v2\/product"}],"about":[{"href":"https:\/\/spotonline.de\/shop\/wp-json\/wp\/v2\/types\/product"}],"wp:featuredmedia":[{"embeddable":true,"href":"https:\/\/spotonline.de\/shop\/wp-json\/wp\/v2\/media\/761"}],"wp:attachment":[{"href":"https:\/\/spotonline.de\/shop\/wp-json\/wp\/v2\/media?parent=714"}],"wp:term":[{"taxonomy":"product_cat","embeddable":true,"href":"https:\/\/spotonline.de\/shop\/wp-json\/wp\/v2\/product_cat?post=714"},{"taxonomy":"product_tag","embeddable":true,"href":"https:\/\/spotonline.de\/shop\/wp-json\/wp\/v2\/product_tag?post=714"}],"curies":[{"name":"wp","href":"https:\/\/api.w.org\/{rel}","templated":true}]}}