{"id":571,"date":"2021-04-06T20:58:10","date_gmt":"2021-04-06T18:58:10","guid":{"rendered":"https:\/\/www.spotonline.de\/shop\/?post_type=product&#038;p=571"},"modified":"2021-04-14T07:33:09","modified_gmt":"2021-04-14T05:33:09","slug":"blockout-banner-einseitig-oben-unten-oesen","status":"publish","type":"product","link":"https:\/\/spotonline.de\/shop\/produkt\/blockout-banner-einseitig-oben-unten-oesen\/","title":{"rendered":"Blockout Banner einseitig | oben unten \u00d6sen"},"content":{"rendered":"<p data-renderer-start-pos=\"4948\">Hochwertiges PVC-Banner, oben und unten ver\u00f6st und einseitig mit Ihrem Motiv bedruckt (4\/0-farbig)<br \/>\nDie Plane bzw. das Banner ist absolut rei\u00dffest, blickdicht, lichtundurchl\u00e4ssig , wetterfest und f\u00fcr den Innen- und Au\u00dfenbereich geeignet.<br \/>\nDie Plane kann zum Beispiel auf Messen, Kongressen, an Bauz\u00e4unen, Ger\u00fcsten und bei Open-Air Veranstaltungen verwendet werden.<\/p>\n<p data-pm-slice=\"1 1 []\">Die maximale Druckbreite betr\u00e4gt 130 cm. Die Mindestgr\u00f6\u00dfe betr\u00e4gt 20cm x 20cm. Das Banner hat ein St\u00e4rke von 800g\/m\u00b2.<\/p>\n<p data-renderer-start-pos=\"5386\">Die Ver\u00f6sung erfolgt links und rechts im Abstand von ca. 50cm. Die Metall-\u00d6sen haben einen Innen-Durchmesser von ca. 11mm und werden so platziert, dass sich die Lochmitte ca. 17-20mm vom Rand entfernt befindet. Wenn Sie mit wichtigen Gestaltungselementen etwa 4cm vom Rand wegbleiben, wird kein Element von einer \u00d6se verdeckt.<\/p>\n","protected":false},"excerpt":{"rendered":"<p>PVC-Banner, oben und unten \u00d6sen und einseitig mit Ihrem Motiv bedruckt.<br \/>\nDie Mindestgr\u00f6\u00dfe betr\u00e4gt 20cm x 20cm.<\/p>\n","protected":false},"featured_media":572,"template":"","meta":[],"product_cat":[66,52],"product_tag":[],"class_list":{"0":"post-571","1":"product","2":"type-product","3":"status-publish","4":"has-post-thumbnail","6":"product_cat-banner","7":"product_cat-druckerzeugnisse","8":"product_shipping_class-liefergebuehren-10-eur","10":"first","11":"instock","12":"taxable","13":"shipping-taxable","14":"purchasable","15":"product-type-simple"},"tiered_pricing_type":"fixed","tiered_pricing_fixed_rules":[],"tiered_pricing_percentage_rules":[],"tiered_pricing_minimum":1,"_administrator_tiered_pricing_type":"fixed","_administrator_tiered_pricing_fixed_rules":[],"_editor_tiered_pricing_type":"fixed","_editor_tiered_pricing_fixed_rules":[],"_author_tiered_pricing_type":"fixed","_author_tiered_pricing_fixed_rules":[],"_contributor_tiered_pricing_type":"fixed","_contributor_tiered_pricing_fixed_rules":[],"_subscriber_tiered_pricing_type":"fixed","_subscriber_tiered_pricing_fixed_rules":[],"_customer_tiered_pricing_type":"fixed","_customer_tiered_pricing_fixed_rules":[],"_shop_manager_tiered_pricing_type":"fixed","_shop_manager_tiered_pricing_fixed_rules":[],"_guest_tiered_pricing_type":"fixed","_guest_tiered_pricing_fixed_rules":[],"_wpseo_manager_tiered_pricing_type":"fixed","_wpseo_manager_tiered_pricing_fixed_rules":[],"_wpseo_editor_tiered_pricing_type":"fixed","_wpseo_editor_tiered_pricing_fixed_rules":[],"yoast_head":"<!-- This site is optimized with the Yoast SEO plugin v24.0 - https:\/\/yoast.com\/wordpress\/plugins\/seo\/ -->\n<title>Blockout Banner einseitig | oben unten \u00d6sen | spotonline shop<\/title>\n<meta name=\"description\" content=\"Absolut rei\u00dffestes, blickdichtes, lichtundurchl\u00e4ssiges , wetterfestes und f\u00fcr den Innen- und Au\u00dfenbereich geeignetes Banner mit \u00d6sen.\" \/>\n<meta name=\"robots\" content=\"index, follow, max-snippet:-1, max-image-preview:large, max-video-preview:-1\" \/>\n<link rel=\"canonical\" href=\"https:\/\/spotonline.de\/shop\/produkt\/blockout-banner-einseitig-oben-unten-oesen\/\" \/>\n<meta property=\"og:locale\" content=\"de_DE\" \/>\n<meta property=\"og:type\" content=\"article\" \/>\n<meta property=\"og:title\" content=\"Blockout Banner einseitig | oben unten \u00d6sen | spotonline shop\" \/>\n<meta property=\"og:description\" content=\"Absolut rei\u00dffestes, blickdichtes, lichtundurchl\u00e4ssiges , wetterfestes und f\u00fcr den Innen- und Au\u00dfenbereich geeignetes Banner mit \u00d6sen.\" \/>\n<meta property=\"og:url\" content=\"https:\/\/spotonline.de\/shop\/produkt\/blockout-banner-einseitig-oben-unten-oesen\/\" \/>\n<meta property=\"og:site_name\" content=\"spotonline shop\" \/>\n<meta property=\"article:publisher\" content=\"https:\/\/www.facebook.com\/spotonlineruhland\" \/>\n<meta property=\"article:modified_time\" content=\"2021-04-14T05:33:09+00:00\" \/>\n<meta property=\"og:image\" content=\"https:\/\/spotonline.de\/shop\/wp-content\/uploads\/2021\/04\/pvc_plane_oben_unten_oesen.png\" \/>\n\t<meta property=\"og:image:width\" content=\"850\" \/>\n\t<meta property=\"og:image:height\" content=\"850\" \/>\n\t<meta property=\"og:image:type\" content=\"image\/png\" \/>\n<meta name=\"twitter:card\" content=\"summary_large_image\" \/>\n<meta name=\"twitter:label1\" content=\"Gesch\u00e4tzte Lesezeit\" \/>\n\t<meta name=\"twitter:data1\" content=\"1\u00a0Minute\" \/>\n<script type=\"application\/ld+json\" class=\"yoast-schema-graph\">{\"@context\":\"https:\/\/schema.org\",\"@graph\":[{\"@type\":\"WebPage\",\"@id\":\"https:\/\/spotonline.de\/shop\/produkt\/blockout-banner-einseitig-oben-unten-oesen\/\",\"url\":\"https:\/\/spotonline.de\/shop\/produkt\/blockout-banner-einseitig-oben-unten-oesen\/\",\"name\":\"Blockout Banner einseitig | oben unten \u00d6sen | spotonline shop\",\"isPartOf\":{\"@id\":\"https:\/\/spotonline.de\/shop\/#website\"},\"primaryImageOfPage\":{\"@id\":\"https:\/\/spotonline.de\/shop\/produkt\/blockout-banner-einseitig-oben-unten-oesen\/#primaryimage\"},\"image\":{\"@id\":\"https:\/\/spotonline.de\/shop\/produkt\/blockout-banner-einseitig-oben-unten-oesen\/#primaryimage\"},\"thumbnailUrl\":\"https:\/\/spotonline.de\/shop\/wp-content\/uploads\/2021\/04\/pvc_plane_oben_unten_oesen.png\",\"datePublished\":\"2021-04-06T18:58:10+00:00\",\"dateModified\":\"2021-04-14T05:33:09+00:00\",\"description\":\"Absolut rei\u00dffestes, blickdichtes, lichtundurchl\u00e4ssiges , wetterfestes und f\u00fcr den Innen- und Au\u00dfenbereich geeignetes Banner mit \u00d6sen.\",\"breadcrumb\":{\"@id\":\"https:\/\/spotonline.de\/shop\/produkt\/blockout-banner-einseitig-oben-unten-oesen\/#breadcrumb\"},\"inLanguage\":\"de\",\"potentialAction\":[{\"@type\":\"ReadAction\",\"target\":[\"https:\/\/spotonline.de\/shop\/produkt\/blockout-banner-einseitig-oben-unten-oesen\/\"]}]},{\"@type\":\"ImageObject\",\"inLanguage\":\"de\",\"@id\":\"https:\/\/spotonline.de\/shop\/produkt\/blockout-banner-einseitig-oben-unten-oesen\/#primaryimage\",\"url\":\"https:\/\/spotonline.de\/shop\/wp-content\/uploads\/2021\/04\/pvc_plane_oben_unten_oesen.png\",\"contentUrl\":\"https:\/\/spotonline.de\/shop\/wp-content\/uploads\/2021\/04\/pvc_plane_oben_unten_oesen.png\",\"width\":850,\"height\":850,\"caption\":\"Blockout Banner oben und unten \u00d6sen\"},{\"@type\":\"BreadcrumbList\",\"@id\":\"https:\/\/spotonline.de\/shop\/produkt\/blockout-banner-einseitig-oben-unten-oesen\/#breadcrumb\",\"itemListElement\":[{\"@type\":\"ListItem\",\"position\":1,\"name\":\"Startseite\",\"item\":\"https:\/\/spotonline.de\/shop\/\"},{\"@type\":\"ListItem\",\"position\":2,\"name\":\"Druckerzeugnisse, Textildrucke und Lifestyle\",\"item\":\"https:\/\/spotonline.de\/shop\/\"},{\"@type\":\"ListItem\",\"position\":3,\"name\":\"Blockout Banner einseitig | oben unten \u00d6sen\"}]},{\"@type\":\"WebSite\",\"@id\":\"https:\/\/spotonline.de\/shop\/#website\",\"url\":\"https:\/\/spotonline.de\/shop\/\",\"name\":\"spotonline shop\",\"description\":\"Shop f\u00fcr Druckerzeugnisse, T-Shirts, Leinwandbilder\",\"publisher\":{\"@id\":\"https:\/\/spotonline.de\/shop\/#organization\"},\"potentialAction\":[{\"@type\":\"SearchAction\",\"target\":{\"@type\":\"EntryPoint\",\"urlTemplate\":\"https:\/\/spotonline.de\/shop\/?s={search_term_string}\"},\"query-input\":{\"@type\":\"PropertyValueSpecification\",\"valueRequired\":true,\"valueName\":\"search_term_string\"}}],\"inLanguage\":\"de\"},{\"@type\":\"Organization\",\"@id\":\"https:\/\/spotonline.de\/shop\/#organization\",\"name\":\"spotonline\",\"url\":\"https:\/\/spotonline.de\/shop\/\",\"logo\":{\"@type\":\"ImageObject\",\"inLanguage\":\"de\",\"@id\":\"https:\/\/spotonline.de\/shop\/#\/schema\/logo\/image\/\",\"url\":\"https:\/\/spotonline.de\/shop\/wp-content\/uploads\/2021\/03\/logo_trans_2_zu_1.png\",\"contentUrl\":\"https:\/\/spotonline.de\/shop\/wp-content\/uploads\/2021\/03\/logo_trans_2_zu_1.png\",\"width\":1000,\"height\":500,\"caption\":\"spotonline\"},\"image\":{\"@id\":\"https:\/\/spotonline.de\/shop\/#\/schema\/logo\/image\/\"},\"sameAs\":[\"https:\/\/www.facebook.com\/spotonlineruhland\",\"https:\/\/www.instagram.com\/spotonlineruhland\",\"https:\/\/www.linkedin.com\/company\/spotonline\"]}]}<\/script>\n<!-- \/ Yoast SEO plugin. -->","yoast_head_json":{"title":"Blockout Banner einseitig | oben unten \u00d6sen | spotonline shop","description":"Absolut rei\u00dffestes, blickdichtes, lichtundurchl\u00e4ssiges , wetterfestes und f\u00fcr den Innen- und Au\u00dfenbereich geeignetes Banner mit \u00d6sen.","robots":{"index":"index","follow":"follow","max-snippet":"max-snippet:-1","max-image-preview":"max-image-preview:large","max-video-preview":"max-video-preview:-1"},"canonical":"https:\/\/spotonline.de\/shop\/produkt\/blockout-banner-einseitig-oben-unten-oesen\/","og_locale":"de_DE","og_type":"article","og_title":"Blockout Banner einseitig | oben unten \u00d6sen | spotonline shop","og_description":"Absolut rei\u00dffestes, blickdichtes, lichtundurchl\u00e4ssiges , wetterfestes und f\u00fcr den Innen- und Au\u00dfenbereich geeignetes Banner mit \u00d6sen.","og_url":"https:\/\/spotonline.de\/shop\/produkt\/blockout-banner-einseitig-oben-unten-oesen\/","og_site_name":"spotonline shop","article_publisher":"https:\/\/www.facebook.com\/spotonlineruhland","article_modified_time":"2021-04-14T05:33:09+00:00","og_image":[{"width":850,"height":850,"url":"https:\/\/spotonline.de\/shop\/wp-content\/uploads\/2021\/04\/pvc_plane_oben_unten_oesen.png","type":"image\/png"}],"twitter_card":"summary_large_image","twitter_misc":{"Gesch\u00e4tzte Lesezeit":"1\u00a0Minute"},"schema":{"@context":"https:\/\/schema.org","@graph":[{"@type":"WebPage","@id":"https:\/\/spotonline.de\/shop\/produkt\/blockout-banner-einseitig-oben-unten-oesen\/","url":"https:\/\/spotonline.de\/shop\/produkt\/blockout-banner-einseitig-oben-unten-oesen\/","name":"Blockout Banner einseitig | oben unten \u00d6sen | spotonline shop","isPartOf":{"@id":"https:\/\/spotonline.de\/shop\/#website"},"primaryImageOfPage":{"@id":"https:\/\/spotonline.de\/shop\/produkt\/blockout-banner-einseitig-oben-unten-oesen\/#primaryimage"},"image":{"@id":"https:\/\/spotonline.de\/shop\/produkt\/blockout-banner-einseitig-oben-unten-oesen\/#primaryimage"},"thumbnailUrl":"https:\/\/spotonline.de\/shop\/wp-content\/uploads\/2021\/04\/pvc_plane_oben_unten_oesen.png","datePublished":"2021-04-06T18:58:10+00:00","dateModified":"2021-04-14T05:33:09+00:00","description":"Absolut rei\u00dffestes, blickdichtes, lichtundurchl\u00e4ssiges , wetterfestes und f\u00fcr den Innen- und Au\u00dfenbereich geeignetes Banner mit \u00d6sen.","breadcrumb":{"@id":"https:\/\/spotonline.de\/shop\/produkt\/blockout-banner-einseitig-oben-unten-oesen\/#breadcrumb"},"inLanguage":"de","potentialAction":[{"@type":"ReadAction","target":["https:\/\/spotonline.de\/shop\/produkt\/blockout-banner-einseitig-oben-unten-oesen\/"]}]},{"@type":"ImageObject","inLanguage":"de","@id":"https:\/\/spotonline.de\/shop\/produkt\/blockout-banner-einseitig-oben-unten-oesen\/#primaryimage","url":"https:\/\/spotonline.de\/shop\/wp-content\/uploads\/2021\/04\/pvc_plane_oben_unten_oesen.png","contentUrl":"https:\/\/spotonline.de\/shop\/wp-content\/uploads\/2021\/04\/pvc_plane_oben_unten_oesen.png","width":850,"height":850,"caption":"Blockout Banner oben und unten \u00d6sen"},{"@type":"BreadcrumbList","@id":"https:\/\/spotonline.de\/shop\/produkt\/blockout-banner-einseitig-oben-unten-oesen\/#breadcrumb","itemListElement":[{"@type":"ListItem","position":1,"name":"Startseite","item":"https:\/\/spotonline.de\/shop\/"},{"@type":"ListItem","position":2,"name":"Druckerzeugnisse, Textildrucke und Lifestyle","item":"https:\/\/spotonline.de\/shop\/"},{"@type":"ListItem","position":3,"name":"Blockout Banner einseitig | oben unten \u00d6sen"}]},{"@type":"WebSite","@id":"https:\/\/spotonline.de\/shop\/#website","url":"https:\/\/spotonline.de\/shop\/","name":"spotonline shop","description":"Shop f\u00fcr Druckerzeugnisse, T-Shirts, Leinwandbilder","publisher":{"@id":"https:\/\/spotonline.de\/shop\/#organization"},"potentialAction":[{"@type":"SearchAction","target":{"@type":"EntryPoint","urlTemplate":"https:\/\/spotonline.de\/shop\/?s={search_term_string}"},"query-input":{"@type":"PropertyValueSpecification","valueRequired":true,"valueName":"search_term_string"}}],"inLanguage":"de"},{"@type":"Organization","@id":"https:\/\/spotonline.de\/shop\/#organization","name":"spotonline","url":"https:\/\/spotonline.de\/shop\/","logo":{"@type":"ImageObject","inLanguage":"de","@id":"https:\/\/spotonline.de\/shop\/#\/schema\/logo\/image\/","url":"https:\/\/spotonline.de\/shop\/wp-content\/uploads\/2021\/03\/logo_trans_2_zu_1.png","contentUrl":"https:\/\/spotonline.de\/shop\/wp-content\/uploads\/2021\/03\/logo_trans_2_zu_1.png","width":1000,"height":500,"caption":"spotonline"},"image":{"@id":"https:\/\/spotonline.de\/shop\/#\/schema\/logo\/image\/"},"sameAs":["https:\/\/www.facebook.com\/spotonlineruhland","https:\/\/www.instagram.com\/spotonlineruhland","https:\/\/www.linkedin.com\/company\/spotonline"]}]}},"_links":{"self":[{"href":"https:\/\/spotonline.de\/shop\/wp-json\/wp\/v2\/product\/571","targetHints":{"allow":["GET"]}}],"collection":[{"href":"https:\/\/spotonline.de\/shop\/wp-json\/wp\/v2\/product"}],"about":[{"href":"https:\/\/spotonline.de\/shop\/wp-json\/wp\/v2\/types\/product"}],"wp:featuredmedia":[{"embeddable":true,"href":"https:\/\/spotonline.de\/shop\/wp-json\/wp\/v2\/media\/572"}],"wp:attachment":[{"href":"https:\/\/spotonline.de\/shop\/wp-json\/wp\/v2\/media?parent=571"}],"wp:term":[{"taxonomy":"product_cat","embeddable":true,"href":"https:\/\/spotonline.de\/shop\/wp-json\/wp\/v2\/product_cat?post=571"},{"taxonomy":"product_tag","embeddable":true,"href":"https:\/\/spotonline.de\/shop\/wp-json\/wp\/v2\/product_tag?post=571"}],"curies":[{"name":"wp","href":"https:\/\/api.w.org\/{rel}","templated":true}]}}