{"id":514,"date":"2021-03-26T14:39:14","date_gmt":"2021-03-26T13:39:14","guid":{"rendered":"https:\/\/www.spotonline.de\/shop\/?post_type=product&#038;p=514"},"modified":"2021-06-09T13:42:17","modified_gmt":"2021-06-09T11:42:17","slug":"monkey-style-t-shirt","status":"publish","type":"product","link":"https:\/\/spotonline.de\/shop\/produkt\/monkey-style-t-shirt\/","title":{"rendered":"T-Shirt &#8222;Monkey Style&#8220;"},"content":{"rendered":"<div class=\"col-12 col-md-6 col-lg-6 m-pt-details__section\">\n<p><span style=\"font-size: 16px;\">Exklusiv bei uns im Shop, das rundhals T-Shirt mit dem Motiv &#8222;Monkey Style&#8220;. Der Druck besteht aus hochwertigen wei\u00dfen bzw. schwarzen Flock.<\/span><\/p>\n<div class=\"m-pt-details__description\">\n<ul class=\"listMCE\">\n<li>Stoffqualit\u00e4t: 180 g\/m\u00b2<\/li>\n<li>Material: 100% Baumwolle, gek\u00e4mmt, ringgesponnen<\/li>\n<li>40\u00b0C waschbar<\/li>\n<li>Nackenband<\/li>\n<li>Doppeln\u00e4hte an Schultern, Hals- und Armausschnitt<\/li>\n<li>Rundhalsausschnitt mit Elasthan<\/li>\n<li>Ohne Seitennaht<\/li>\n<\/ul>\n<\/div>\n<\/div>\n<div class=\"col-12 col-md-6 m-pt-details__section\">\n<h3>Gr\u00f6\u00dfentabelle<\/h3>\n<p><img loading=\"lazy\" decoding=\"async\" class=\"size-medium wp-image-107\" src=\"https:\/\/www.spotonline.de\/shop\/wp-content\/uploads\/2021\/01\/shirt_groesse-250x300.png\" alt=\"T-Shirt Ma\u00df\" width=\"250\" height=\"300\" srcset=\"https:\/\/spotonline.de\/shop\/wp-content\/uploads\/2021\/01\/shirt_groesse-250x300.png 250w, https:\/\/spotonline.de\/shop\/wp-content\/uploads\/2021\/01\/shirt_groesse-416x498.png 416w, https:\/\/spotonline.de\/shop\/wp-content\/uploads\/2021\/01\/shirt_groesse.png 611w\" sizes=\"auto, (max-width: 250px) 100vw, 250px\" \/><\/p>\n<\/div>\n<p><strong>Ihre Gr\u00f6\u00dfe finden:<\/strong><br \/>\nVergleichen Sie die Angaben mit einem T-Shirt, das Sie bereits zu Hause haben.<br \/>\nLegen sie das Kleidungsst\u00fcck zum Messen flach auf einen Tisch oder Boden. Die Angaben der Gr\u00f6\u00dfentabelle sind in cm.<\/p>\n<p><img loading=\"lazy\" decoding=\"async\" class=\"size-medium wp-image-414\" src=\"https:\/\/www.spotonline.de\/shop\/wp-content\/uploads\/2021\/03\/groessentabelle-300x183.png\" alt=\"Gr\u00f6\u00dfentabelle T-Shirt Rundhals\" width=\"300\" height=\"183\" srcset=\"https:\/\/spotonline.de\/shop\/wp-content\/uploads\/2021\/03\/groessentabelle-300x183.png 300w, https:\/\/spotonline.de\/shop\/wp-content\/uploads\/2021\/03\/groessentabelle-416x253.png 416w, https:\/\/spotonline.de\/shop\/wp-content\/uploads\/2021\/03\/groessentabelle.png 545w\" sizes=\"auto, (max-width: 300px) 100vw, 300px\" \/><\/p>\n<p>&nbsp;<\/p>\n","protected":false},"excerpt":{"rendered":"<h3><span style=\"font-size: 16px;\">Rundhals T-Shirt mit dem Aufdruck &#8222;Monkey Style&#8220;<\/span><\/h3>\n","protected":false},"featured_media":529,"template":"","meta":[],"product_cat":[18,53],"product_tag":[],"class_list":{"0":"post-514","1":"product","2":"type-product","3":"status-publish","4":"has-post-thumbnail","6":"product_cat-tshirts","7":"product_cat-fun_lifestyle","8":"product_shipping_class-liefergebuehren-5-eur","10":"first","11":"instock","12":"taxable","13":"shipping-taxable","14":"purchasable","15":"product-type-variable","16":"has-default-attributes"},"tiered_pricing_type":"fixed","tiered_pricing_fixed_rules":[],"tiered_pricing_percentage_rules":[],"tiered_pricing_minimum":1,"_administrator_tiered_pricing_type":"fixed","_administrator_tiered_pricing_fixed_rules":[],"_editor_tiered_pricing_type":"fixed","_editor_tiered_pricing_fixed_rules":[],"_author_tiered_pricing_type":"fixed","_author_tiered_pricing_fixed_rules":[],"_contributor_tiered_pricing_type":"fixed","_contributor_tiered_pricing_fixed_rules":[],"_subscriber_tiered_pricing_type":"fixed","_subscriber_tiered_pricing_fixed_rules":[],"_customer_tiered_pricing_type":"fixed","_customer_tiered_pricing_fixed_rules":[],"_shop_manager_tiered_pricing_type":"fixed","_shop_manager_tiered_pricing_fixed_rules":[],"_guest_tiered_pricing_type":"fixed","_guest_tiered_pricing_fixed_rules":[],"_wpseo_manager_tiered_pricing_type":"fixed","_wpseo_manager_tiered_pricing_fixed_rules":[],"_wpseo_editor_tiered_pricing_type":"fixed","_wpseo_editor_tiered_pricing_fixed_rules":[],"yoast_head":"<!-- This site is optimized with the Yoast SEO plugin v24.0 - https:\/\/yoast.com\/wordpress\/plugins\/seo\/ -->\n<title>T-Shirt mit dem Motiv &quot;Monkey Style&quot; | spotonline shop<\/title>\n<meta name=\"description\" content=\"Rundhals T-Shirt mit dem Aufdruck Monkey Style. Der Aufdruck ist aus hochwertigen Flock. Das Shirt ist in unterschiedlichen Farben erh\u00e4ltlich.\" \/>\n<meta name=\"robots\" content=\"index, follow, max-snippet:-1, max-image-preview:large, max-video-preview:-1\" \/>\n<link rel=\"canonical\" href=\"https:\/\/spotonline.de\/shop\/produkt\/monkey-style-t-shirt\/\" \/>\n<meta property=\"og:locale\" content=\"de_DE\" \/>\n<meta property=\"og:type\" content=\"article\" \/>\n<meta property=\"og:title\" content=\"T-Shirt &quot;Monkey Style&quot;\" \/>\n<meta property=\"og:description\" content=\"Rundhals T-Shirts mit dem Aufdruck &quot;Monkey Style&quot;. Der Druck besteht aus hochwertigen wei\u00dfen bzw. schwarzen Flock. Die Stoffqualit\u00e4t betr\u00e4gt 180 g\/m\u00b2, 100% Baumwolle und bei 40\u00b0C waschbar.\" \/>\n<meta property=\"og:url\" content=\"https:\/\/spotonline.de\/shop\/produkt\/monkey-style-t-shirt\/\" \/>\n<meta property=\"og:site_name\" content=\"spotonline shop\" \/>\n<meta property=\"article:publisher\" content=\"https:\/\/www.facebook.com\/spotonlineruhland\" \/>\n<meta property=\"article:modified_time\" content=\"2021-06-09T11:42:17+00:00\" \/>\n<meta property=\"og:image\" content=\"https:\/\/spotonline.de\/shop\/wp-content\/uploads\/2021\/03\/monkey-tshirt-schwarz.png\" \/>\n\t<meta property=\"og:image:width\" content=\"420\" \/>\n\t<meta property=\"og:image:height\" content=\"540\" \/>\n\t<meta property=\"og:image:type\" content=\"image\/png\" \/>\n<meta name=\"twitter:card\" content=\"summary_large_image\" \/>\n<meta name=\"twitter:label1\" content=\"Gesch\u00e4tzte Lesezeit\" \/>\n\t<meta name=\"twitter:data1\" content=\"1\u00a0Minute\" \/>\n<script type=\"application\/ld+json\" class=\"yoast-schema-graph\">{\"@context\":\"https:\/\/schema.org\",\"@graph\":[{\"@type\":\"WebPage\",\"@id\":\"https:\/\/spotonline.de\/shop\/produkt\/monkey-style-t-shirt\/\",\"url\":\"https:\/\/spotonline.de\/shop\/produkt\/monkey-style-t-shirt\/\",\"name\":\"T-Shirt mit dem Motiv \\\"Monkey Style\\\" | spotonline shop\",\"isPartOf\":{\"@id\":\"https:\/\/spotonline.de\/shop\/#website\"},\"primaryImageOfPage\":{\"@id\":\"https:\/\/spotonline.de\/shop\/produkt\/monkey-style-t-shirt\/#primaryimage\"},\"image\":{\"@id\":\"https:\/\/spotonline.de\/shop\/produkt\/monkey-style-t-shirt\/#primaryimage\"},\"thumbnailUrl\":\"https:\/\/spotonline.de\/shop\/wp-content\/uploads\/2021\/03\/monkey-tshirt-schwarz.png\",\"datePublished\":\"2021-03-26T13:39:14+00:00\",\"dateModified\":\"2021-06-09T11:42:17+00:00\",\"description\":\"Rundhals T-Shirt mit dem Aufdruck Monkey Style. Der Aufdruck ist aus hochwertigen Flock. Das Shirt ist in unterschiedlichen Farben erh\u00e4ltlich.\",\"breadcrumb\":{\"@id\":\"https:\/\/spotonline.de\/shop\/produkt\/monkey-style-t-shirt\/#breadcrumb\"},\"inLanguage\":\"de\",\"potentialAction\":[{\"@type\":\"ReadAction\",\"target\":[\"https:\/\/spotonline.de\/shop\/produkt\/monkey-style-t-shirt\/\"]}]},{\"@type\":\"ImageObject\",\"inLanguage\":\"de\",\"@id\":\"https:\/\/spotonline.de\/shop\/produkt\/monkey-style-t-shirt\/#primaryimage\",\"url\":\"https:\/\/spotonline.de\/shop\/wp-content\/uploads\/2021\/03\/monkey-tshirt-schwarz.png\",\"contentUrl\":\"https:\/\/spotonline.de\/shop\/wp-content\/uploads\/2021\/03\/monkey-tshirt-schwarz.png\",\"width\":420,\"height\":540,\"caption\":\"T-Shirt Monkey Style schwarz\"},{\"@type\":\"BreadcrumbList\",\"@id\":\"https:\/\/spotonline.de\/shop\/produkt\/monkey-style-t-shirt\/#breadcrumb\",\"itemListElement\":[{\"@type\":\"ListItem\",\"position\":1,\"name\":\"Startseite\",\"item\":\"https:\/\/spotonline.de\/shop\/\"},{\"@type\":\"ListItem\",\"position\":2,\"name\":\"Druckerzeugnisse, Textildrucke und Lifestyle\",\"item\":\"https:\/\/spotonline.de\/shop\/\"},{\"@type\":\"ListItem\",\"position\":3,\"name\":\"T-Shirt &#8222;Monkey Style&#8220;\"}]},{\"@type\":\"WebSite\",\"@id\":\"https:\/\/spotonline.de\/shop\/#website\",\"url\":\"https:\/\/spotonline.de\/shop\/\",\"name\":\"spotonline shop\",\"description\":\"Shop f\u00fcr Druckerzeugnisse, T-Shirts, Leinwandbilder\",\"publisher\":{\"@id\":\"https:\/\/spotonline.de\/shop\/#organization\"},\"potentialAction\":[{\"@type\":\"SearchAction\",\"target\":{\"@type\":\"EntryPoint\",\"urlTemplate\":\"https:\/\/spotonline.de\/shop\/?s={search_term_string}\"},\"query-input\":{\"@type\":\"PropertyValueSpecification\",\"valueRequired\":true,\"valueName\":\"search_term_string\"}}],\"inLanguage\":\"de\"},{\"@type\":\"Organization\",\"@id\":\"https:\/\/spotonline.de\/shop\/#organization\",\"name\":\"spotonline\",\"url\":\"https:\/\/spotonline.de\/shop\/\",\"logo\":{\"@type\":\"ImageObject\",\"inLanguage\":\"de\",\"@id\":\"https:\/\/spotonline.de\/shop\/#\/schema\/logo\/image\/\",\"url\":\"https:\/\/spotonline.de\/shop\/wp-content\/uploads\/2021\/03\/logo_trans_2_zu_1.png\",\"contentUrl\":\"https:\/\/spotonline.de\/shop\/wp-content\/uploads\/2021\/03\/logo_trans_2_zu_1.png\",\"width\":1000,\"height\":500,\"caption\":\"spotonline\"},\"image\":{\"@id\":\"https:\/\/spotonline.de\/shop\/#\/schema\/logo\/image\/\"},\"sameAs\":[\"https:\/\/www.facebook.com\/spotonlineruhland\",\"https:\/\/www.instagram.com\/spotonlineruhland\",\"https:\/\/www.linkedin.com\/company\/spotonline\"]}]}<\/script>\n<!-- \/ Yoast SEO plugin. -->","yoast_head_json":{"title":"T-Shirt mit dem Motiv \"Monkey Style\" | spotonline shop","description":"Rundhals T-Shirt mit dem Aufdruck Monkey Style. Der Aufdruck ist aus hochwertigen Flock. Das Shirt ist in unterschiedlichen Farben erh\u00e4ltlich.","robots":{"index":"index","follow":"follow","max-snippet":"max-snippet:-1","max-image-preview":"max-image-preview:large","max-video-preview":"max-video-preview:-1"},"canonical":"https:\/\/spotonline.de\/shop\/produkt\/monkey-style-t-shirt\/","og_locale":"de_DE","og_type":"article","og_title":"T-Shirt \"Monkey Style\"","og_description":"Rundhals T-Shirts mit dem Aufdruck \"Monkey Style\". Der Druck besteht aus hochwertigen wei\u00dfen bzw. schwarzen Flock. Die Stoffqualit\u00e4t betr\u00e4gt 180 g\/m\u00b2, 100% Baumwolle und bei 40\u00b0C waschbar.","og_url":"https:\/\/spotonline.de\/shop\/produkt\/monkey-style-t-shirt\/","og_site_name":"spotonline shop","article_publisher":"https:\/\/www.facebook.com\/spotonlineruhland","article_modified_time":"2021-06-09T11:42:17+00:00","og_image":[{"width":420,"height":540,"url":"https:\/\/spotonline.de\/shop\/wp-content\/uploads\/2021\/03\/monkey-tshirt-schwarz.png","type":"image\/png"}],"twitter_card":"summary_large_image","twitter_misc":{"Gesch\u00e4tzte Lesezeit":"1\u00a0Minute"},"schema":{"@context":"https:\/\/schema.org","@graph":[{"@type":"WebPage","@id":"https:\/\/spotonline.de\/shop\/produkt\/monkey-style-t-shirt\/","url":"https:\/\/spotonline.de\/shop\/produkt\/monkey-style-t-shirt\/","name":"T-Shirt mit dem Motiv \"Monkey Style\" | spotonline shop","isPartOf":{"@id":"https:\/\/spotonline.de\/shop\/#website"},"primaryImageOfPage":{"@id":"https:\/\/spotonline.de\/shop\/produkt\/monkey-style-t-shirt\/#primaryimage"},"image":{"@id":"https:\/\/spotonline.de\/shop\/produkt\/monkey-style-t-shirt\/#primaryimage"},"thumbnailUrl":"https:\/\/spotonline.de\/shop\/wp-content\/uploads\/2021\/03\/monkey-tshirt-schwarz.png","datePublished":"2021-03-26T13:39:14+00:00","dateModified":"2021-06-09T11:42:17+00:00","description":"Rundhals T-Shirt mit dem Aufdruck Monkey Style. Der Aufdruck ist aus hochwertigen Flock. Das Shirt ist in unterschiedlichen Farben erh\u00e4ltlich.","breadcrumb":{"@id":"https:\/\/spotonline.de\/shop\/produkt\/monkey-style-t-shirt\/#breadcrumb"},"inLanguage":"de","potentialAction":[{"@type":"ReadAction","target":["https:\/\/spotonline.de\/shop\/produkt\/monkey-style-t-shirt\/"]}]},{"@type":"ImageObject","inLanguage":"de","@id":"https:\/\/spotonline.de\/shop\/produkt\/monkey-style-t-shirt\/#primaryimage","url":"https:\/\/spotonline.de\/shop\/wp-content\/uploads\/2021\/03\/monkey-tshirt-schwarz.png","contentUrl":"https:\/\/spotonline.de\/shop\/wp-content\/uploads\/2021\/03\/monkey-tshirt-schwarz.png","width":420,"height":540,"caption":"T-Shirt Monkey Style schwarz"},{"@type":"BreadcrumbList","@id":"https:\/\/spotonline.de\/shop\/produkt\/monkey-style-t-shirt\/#breadcrumb","itemListElement":[{"@type":"ListItem","position":1,"name":"Startseite","item":"https:\/\/spotonline.de\/shop\/"},{"@type":"ListItem","position":2,"name":"Druckerzeugnisse, Textildrucke und Lifestyle","item":"https:\/\/spotonline.de\/shop\/"},{"@type":"ListItem","position":3,"name":"T-Shirt &#8222;Monkey Style&#8220;"}]},{"@type":"WebSite","@id":"https:\/\/spotonline.de\/shop\/#website","url":"https:\/\/spotonline.de\/shop\/","name":"spotonline shop","description":"Shop f\u00fcr Druckerzeugnisse, T-Shirts, Leinwandbilder","publisher":{"@id":"https:\/\/spotonline.de\/shop\/#organization"},"potentialAction":[{"@type":"SearchAction","target":{"@type":"EntryPoint","urlTemplate":"https:\/\/spotonline.de\/shop\/?s={search_term_string}"},"query-input":{"@type":"PropertyValueSpecification","valueRequired":true,"valueName":"search_term_string"}}],"inLanguage":"de"},{"@type":"Organization","@id":"https:\/\/spotonline.de\/shop\/#organization","name":"spotonline","url":"https:\/\/spotonline.de\/shop\/","logo":{"@type":"ImageObject","inLanguage":"de","@id":"https:\/\/spotonline.de\/shop\/#\/schema\/logo\/image\/","url":"https:\/\/spotonline.de\/shop\/wp-content\/uploads\/2021\/03\/logo_trans_2_zu_1.png","contentUrl":"https:\/\/spotonline.de\/shop\/wp-content\/uploads\/2021\/03\/logo_trans_2_zu_1.png","width":1000,"height":500,"caption":"spotonline"},"image":{"@id":"https:\/\/spotonline.de\/shop\/#\/schema\/logo\/image\/"},"sameAs":["https:\/\/www.facebook.com\/spotonlineruhland","https:\/\/www.instagram.com\/spotonlineruhland","https:\/\/www.linkedin.com\/company\/spotonline"]}]}},"_links":{"self":[{"href":"https:\/\/spotonline.de\/shop\/wp-json\/wp\/v2\/product\/514","targetHints":{"allow":["GET"]}}],"collection":[{"href":"https:\/\/spotonline.de\/shop\/wp-json\/wp\/v2\/product"}],"about":[{"href":"https:\/\/spotonline.de\/shop\/wp-json\/wp\/v2\/types\/product"}],"wp:featuredmedia":[{"embeddable":true,"href":"https:\/\/spotonline.de\/shop\/wp-json\/wp\/v2\/media\/529"}],"wp:attachment":[{"href":"https:\/\/spotonline.de\/shop\/wp-json\/wp\/v2\/media?parent=514"}],"wp:term":[{"taxonomy":"product_cat","embeddable":true,"href":"https:\/\/spotonline.de\/shop\/wp-json\/wp\/v2\/product_cat?post=514"},{"taxonomy":"product_tag","embeddable":true,"href":"https:\/\/spotonline.de\/shop\/wp-json\/wp\/v2\/product_tag?post=514"}],"curies":[{"name":"wp","href":"https:\/\/api.w.org\/{rel}","templated":true}]}}