{"id":412,"date":"2021-03-16T08:41:09","date_gmt":"2021-03-16T07:41:09","guid":{"rendered":"https:\/\/www.spotonline.de\/shop\/?post_type=product&#038;p=412"},"modified":"2021-06-07T11:28:31","modified_gmt":"2021-06-07T09:28:31","slug":"rundhals-t-shirt-wunschmotiv","status":"publish","type":"product","link":"https:\/\/spotonline.de\/shop\/produkt\/rundhals-t-shirt-wunschmotiv\/","title":{"rendered":"Rundhals T-Shirt mit Wunschmotiv"},"content":{"rendered":"<div class=\"col-12 col-md-6 col-lg-6 m-pt-details__section\">\n<p><span style=\"font-size: 16px;\">Die rundhals T-Shirts hier im spotonline Shop stehen f\u00fcr bestm\u00f6gliche Druckergebnisse auf Qualit\u00e4tsprodukten. Das angebotene Gr\u00f6\u00dfenspektrum passt f\u00fcr Gro\u00df und Klein.<\/span><\/p>\n<div class=\"m-pt-details__description\">\n<ul class=\"listMCE\">\n<li>Stoffqualit\u00e4t: 180 g\/m\u00b2<\/li>\n<li>Material: 100% Baumwolle, gek\u00e4mmt, ringgesponnen<\/li>\n<li>40\u00b0C waschbar<\/li>\n<li>Nackenband<\/li>\n<li>Doppeln\u00e4hte an Schultern, Hals- und Armausschnitt<\/li>\n<li>Rundhalsausschnitt mit Elasthan<\/li>\n<li>Ohne Seitennaht<\/li>\n<\/ul>\n<\/div>\n<\/div>\n<div class=\"col-12 col-md-6 m-pt-details__section\">\n<h3>Gr\u00f6\u00dfentabelle<\/h3>\n<p><img loading=\"lazy\" decoding=\"async\" class=\"size-medium wp-image-107\" src=\"https:\/\/www.spotonline.de\/shop\/wp-content\/uploads\/2021\/01\/shirt_groesse-250x300.png\" alt=\"T-Shirt Ma\u00df\" width=\"250\" height=\"300\" srcset=\"https:\/\/spotonline.de\/shop\/wp-content\/uploads\/2021\/01\/shirt_groesse-250x300.png 250w, https:\/\/spotonline.de\/shop\/wp-content\/uploads\/2021\/01\/shirt_groesse-416x498.png 416w, https:\/\/spotonline.de\/shop\/wp-content\/uploads\/2021\/01\/shirt_groesse.png 611w\" sizes=\"auto, (max-width: 250px) 100vw, 250px\" \/><\/p>\n<\/div>\n<p><strong>Ihre Gr\u00f6\u00dfe finden:<\/strong><br \/>\nVergleichen Sie die Angaben mit einem T-Shirt, das Sie bereits zu Hause haben.<br \/>\nLegen sie das Kleidungsst\u00fcck zum Messen flach auf einen Tisch oder Boden. Die Angaben der Gr\u00f6\u00dfentabelle ist in cm.<\/p>\n<p><img loading=\"lazy\" decoding=\"async\" class=\"size-medium wp-image-414\" src=\"https:\/\/www.spotonline.de\/shop\/wp-content\/uploads\/2021\/03\/groessentabelle-300x183.png\" alt=\"Gr\u00f6\u00dfentabelle T-Shirt Rundhals\" width=\"300\" height=\"183\" srcset=\"https:\/\/spotonline.de\/shop\/wp-content\/uploads\/2021\/03\/groessentabelle-300x183.png 300w, https:\/\/spotonline.de\/shop\/wp-content\/uploads\/2021\/03\/groessentabelle-416x253.png 416w, https:\/\/spotonline.de\/shop\/wp-content\/uploads\/2021\/03\/groessentabelle.png 545w\" sizes=\"auto, (max-width: 300px) 100vw, 300px\" \/><\/p>\n<p>&nbsp;<\/p>\n","protected":false},"excerpt":{"rendered":"<p><strong>Gestalten Sie T-Shirts mit Ihrem Wunschmotiv.<br \/>\n<\/strong>Das kurzarm, rundhals T-Shirt der Marke James+Nicholson, hat eine regul\u00e4rer Passform und ist f\u00fcr Damen, Herren und Kinder gleicherma\u00dfen geeignet. W\u00e4hlen Sie Ihre Wunschfarbe aus, legen Sie die Position des Aufdrucks fest und laden Sie ihre Daten hoch.<\/p>\n","protected":false},"featured_media":508,"template":"","meta":[],"product_cat":[52,40],"product_tag":[],"class_list":{"0":"post-412","1":"product","2":"type-product","3":"status-publish","4":"has-post-thumbnail","6":"product_cat-druckerzeugnisse","7":"product_cat-textildruck","9":"first","10":"instock","11":"taxable","12":"shipping-taxable","13":"purchasable","14":"product-type-variable","15":"has-default-attributes"},"tiered_pricing_type":"fixed","tiered_pricing_fixed_rules":[],"tiered_pricing_percentage_rules":[],"tiered_pricing_minimum":1,"_administrator_tiered_pricing_type":"fixed","_administrator_tiered_pricing_fixed_rules":[],"_editor_tiered_pricing_type":"fixed","_editor_tiered_pricing_fixed_rules":[],"_author_tiered_pricing_type":"fixed","_author_tiered_pricing_fixed_rules":[],"_contributor_tiered_pricing_type":"fixed","_contributor_tiered_pricing_fixed_rules":[],"_subscriber_tiered_pricing_type":"fixed","_subscriber_tiered_pricing_fixed_rules":[],"_customer_tiered_pricing_type":"fixed","_customer_tiered_pricing_fixed_rules":[],"_shop_manager_tiered_pricing_type":"fixed","_shop_manager_tiered_pricing_fixed_rules":[],"_guest_tiered_pricing_type":"fixed","_guest_tiered_pricing_fixed_rules":[],"_wpseo_manager_tiered_pricing_type":"fixed","_wpseo_manager_tiered_pricing_fixed_rules":[],"_wpseo_editor_tiered_pricing_type":"fixed","_wpseo_editor_tiered_pricing_fixed_rules":[],"yoast_head":"<!-- This site is optimized with the Yoast SEO plugin v24.0 - https:\/\/yoast.com\/wordpress\/plugins\/seo\/ -->\n<title>Rundhals T-Shirt mit Wunschmotiv | spotonline shop<\/title>\n<meta name=\"description\" content=\"Rundhals T-Shirt bedruckt mit Ihrem Wunschmotiv. Das Motiv kann auf unterschiedliche Positionen. Das Shirt gibt es in verschiedenen Farben.\" \/>\n<meta name=\"robots\" content=\"index, follow, max-snippet:-1, max-image-preview:large, max-video-preview:-1\" \/>\n<link rel=\"canonical\" href=\"https:\/\/spotonline.de\/shop\/produkt\/rundhals-t-shirt-wunschmotiv\/\" \/>\n<meta property=\"og:locale\" content=\"de_DE\" \/>\n<meta property=\"og:type\" content=\"article\" \/>\n<meta property=\"og:title\" content=\"Rundhals T-Shirt mit Wunschmotiv | spotonline shop\" \/>\n<meta property=\"og:description\" content=\"Rundhals T-Shirt bedruckt mit Ihrem Wunschmotiv. Das Motiv kann auf unterschiedliche Positionen. Das Shirt gibt es in verschiedenen Farben.\" \/>\n<meta property=\"og:url\" content=\"https:\/\/spotonline.de\/shop\/produkt\/rundhals-t-shirt-wunschmotiv\/\" \/>\n<meta property=\"og:site_name\" content=\"spotonline shop\" \/>\n<meta property=\"article:publisher\" content=\"https:\/\/www.facebook.com\/spotonlineruhland\" \/>\n<meta property=\"article:modified_time\" content=\"2021-06-07T09:28:31+00:00\" \/>\n<meta property=\"og:image\" content=\"https:\/\/spotonline.de\/shop\/wp-content\/uploads\/2021\/03\/t_shirt_aufdruck_vorne-1024x1024.png\" \/>\n\t<meta property=\"og:image:width\" content=\"1024\" \/>\n\t<meta property=\"og:image:height\" content=\"1024\" \/>\n\t<meta property=\"og:image:type\" content=\"image\/png\" \/>\n<meta name=\"twitter:card\" content=\"summary_large_image\" \/>\n<meta name=\"twitter:label1\" content=\"Gesch\u00e4tzte Lesezeit\" \/>\n\t<meta name=\"twitter:data1\" content=\"1\u00a0Minute\" \/>\n<script type=\"application\/ld+json\" class=\"yoast-schema-graph\">{\"@context\":\"https:\/\/schema.org\",\"@graph\":[{\"@type\":\"WebPage\",\"@id\":\"https:\/\/spotonline.de\/shop\/produkt\/rundhals-t-shirt-wunschmotiv\/\",\"url\":\"https:\/\/spotonline.de\/shop\/produkt\/rundhals-t-shirt-wunschmotiv\/\",\"name\":\"Rundhals T-Shirt mit Wunschmotiv | spotonline shop\",\"isPartOf\":{\"@id\":\"https:\/\/spotonline.de\/shop\/#website\"},\"primaryImageOfPage\":{\"@id\":\"https:\/\/spotonline.de\/shop\/produkt\/rundhals-t-shirt-wunschmotiv\/#primaryimage\"},\"image\":{\"@id\":\"https:\/\/spotonline.de\/shop\/produkt\/rundhals-t-shirt-wunschmotiv\/#primaryimage\"},\"thumbnailUrl\":\"https:\/\/spotonline.de\/shop\/wp-content\/uploads\/2021\/03\/t_shirt_aufdruck_vorne.png\",\"datePublished\":\"2021-03-16T07:41:09+00:00\",\"dateModified\":\"2021-06-07T09:28:31+00:00\",\"description\":\"Rundhals T-Shirt bedruckt mit Ihrem Wunschmotiv. Das Motiv kann auf unterschiedliche Positionen. Das Shirt gibt es in verschiedenen Farben.\",\"breadcrumb\":{\"@id\":\"https:\/\/spotonline.de\/shop\/produkt\/rundhals-t-shirt-wunschmotiv\/#breadcrumb\"},\"inLanguage\":\"de\",\"potentialAction\":[{\"@type\":\"ReadAction\",\"target\":[\"https:\/\/spotonline.de\/shop\/produkt\/rundhals-t-shirt-wunschmotiv\/\"]}]},{\"@type\":\"ImageObject\",\"inLanguage\":\"de\",\"@id\":\"https:\/\/spotonline.de\/shop\/produkt\/rundhals-t-shirt-wunschmotiv\/#primaryimage\",\"url\":\"https:\/\/spotonline.de\/shop\/wp-content\/uploads\/2021\/03\/t_shirt_aufdruck_vorne.png\",\"contentUrl\":\"https:\/\/spotonline.de\/shop\/wp-content\/uploads\/2021\/03\/t_shirt_aufdruck_vorne.png\",\"width\":6000,\"height\":6000,\"caption\":\"T-Shirt Druck vorne\"},{\"@type\":\"BreadcrumbList\",\"@id\":\"https:\/\/spotonline.de\/shop\/produkt\/rundhals-t-shirt-wunschmotiv\/#breadcrumb\",\"itemListElement\":[{\"@type\":\"ListItem\",\"position\":1,\"name\":\"Startseite\",\"item\":\"https:\/\/spotonline.de\/shop\/\"},{\"@type\":\"ListItem\",\"position\":2,\"name\":\"Druckerzeugnisse, Textildrucke und Lifestyle\",\"item\":\"https:\/\/spotonline.de\/shop\/\"},{\"@type\":\"ListItem\",\"position\":3,\"name\":\"Rundhals T-Shirt mit Wunschmotiv\"}]},{\"@type\":\"WebSite\",\"@id\":\"https:\/\/spotonline.de\/shop\/#website\",\"url\":\"https:\/\/spotonline.de\/shop\/\",\"name\":\"spotonline shop\",\"description\":\"Shop f\u00fcr Druckerzeugnisse, T-Shirts, Leinwandbilder\",\"publisher\":{\"@id\":\"https:\/\/spotonline.de\/shop\/#organization\"},\"potentialAction\":[{\"@type\":\"SearchAction\",\"target\":{\"@type\":\"EntryPoint\",\"urlTemplate\":\"https:\/\/spotonline.de\/shop\/?s={search_term_string}\"},\"query-input\":{\"@type\":\"PropertyValueSpecification\",\"valueRequired\":true,\"valueName\":\"search_term_string\"}}],\"inLanguage\":\"de\"},{\"@type\":\"Organization\",\"@id\":\"https:\/\/spotonline.de\/shop\/#organization\",\"name\":\"spotonline\",\"url\":\"https:\/\/spotonline.de\/shop\/\",\"logo\":{\"@type\":\"ImageObject\",\"inLanguage\":\"de\",\"@id\":\"https:\/\/spotonline.de\/shop\/#\/schema\/logo\/image\/\",\"url\":\"https:\/\/spotonline.de\/shop\/wp-content\/uploads\/2021\/03\/logo_trans_2_zu_1.png\",\"contentUrl\":\"https:\/\/spotonline.de\/shop\/wp-content\/uploads\/2021\/03\/logo_trans_2_zu_1.png\",\"width\":1000,\"height\":500,\"caption\":\"spotonline\"},\"image\":{\"@id\":\"https:\/\/spotonline.de\/shop\/#\/schema\/logo\/image\/\"},\"sameAs\":[\"https:\/\/www.facebook.com\/spotonlineruhland\",\"https:\/\/www.instagram.com\/spotonlineruhland\",\"https:\/\/www.linkedin.com\/company\/spotonline\"]}]}<\/script>\n<!-- \/ Yoast SEO plugin. -->","yoast_head_json":{"title":"Rundhals T-Shirt mit Wunschmotiv | spotonline shop","description":"Rundhals T-Shirt bedruckt mit Ihrem Wunschmotiv. Das Motiv kann auf unterschiedliche Positionen. Das Shirt gibt es in verschiedenen Farben.","robots":{"index":"index","follow":"follow","max-snippet":"max-snippet:-1","max-image-preview":"max-image-preview:large","max-video-preview":"max-video-preview:-1"},"canonical":"https:\/\/spotonline.de\/shop\/produkt\/rundhals-t-shirt-wunschmotiv\/","og_locale":"de_DE","og_type":"article","og_title":"Rundhals T-Shirt mit Wunschmotiv | spotonline shop","og_description":"Rundhals T-Shirt bedruckt mit Ihrem Wunschmotiv. Das Motiv kann auf unterschiedliche Positionen. Das Shirt gibt es in verschiedenen Farben.","og_url":"https:\/\/spotonline.de\/shop\/produkt\/rundhals-t-shirt-wunschmotiv\/","og_site_name":"spotonline shop","article_publisher":"https:\/\/www.facebook.com\/spotonlineruhland","article_modified_time":"2021-06-07T09:28:31+00:00","og_image":[{"width":1024,"height":1024,"url":"https:\/\/spotonline.de\/shop\/wp-content\/uploads\/2021\/03\/t_shirt_aufdruck_vorne-1024x1024.png","type":"image\/png"}],"twitter_card":"summary_large_image","twitter_misc":{"Gesch\u00e4tzte Lesezeit":"1\u00a0Minute"},"schema":{"@context":"https:\/\/schema.org","@graph":[{"@type":"WebPage","@id":"https:\/\/spotonline.de\/shop\/produkt\/rundhals-t-shirt-wunschmotiv\/","url":"https:\/\/spotonline.de\/shop\/produkt\/rundhals-t-shirt-wunschmotiv\/","name":"Rundhals T-Shirt mit Wunschmotiv | spotonline shop","isPartOf":{"@id":"https:\/\/spotonline.de\/shop\/#website"},"primaryImageOfPage":{"@id":"https:\/\/spotonline.de\/shop\/produkt\/rundhals-t-shirt-wunschmotiv\/#primaryimage"},"image":{"@id":"https:\/\/spotonline.de\/shop\/produkt\/rundhals-t-shirt-wunschmotiv\/#primaryimage"},"thumbnailUrl":"https:\/\/spotonline.de\/shop\/wp-content\/uploads\/2021\/03\/t_shirt_aufdruck_vorne.png","datePublished":"2021-03-16T07:41:09+00:00","dateModified":"2021-06-07T09:28:31+00:00","description":"Rundhals T-Shirt bedruckt mit Ihrem Wunschmotiv. Das Motiv kann auf unterschiedliche Positionen. Das Shirt gibt es in verschiedenen Farben.","breadcrumb":{"@id":"https:\/\/spotonline.de\/shop\/produkt\/rundhals-t-shirt-wunschmotiv\/#breadcrumb"},"inLanguage":"de","potentialAction":[{"@type":"ReadAction","target":["https:\/\/spotonline.de\/shop\/produkt\/rundhals-t-shirt-wunschmotiv\/"]}]},{"@type":"ImageObject","inLanguage":"de","@id":"https:\/\/spotonline.de\/shop\/produkt\/rundhals-t-shirt-wunschmotiv\/#primaryimage","url":"https:\/\/spotonline.de\/shop\/wp-content\/uploads\/2021\/03\/t_shirt_aufdruck_vorne.png","contentUrl":"https:\/\/spotonline.de\/shop\/wp-content\/uploads\/2021\/03\/t_shirt_aufdruck_vorne.png","width":6000,"height":6000,"caption":"T-Shirt Druck vorne"},{"@type":"BreadcrumbList","@id":"https:\/\/spotonline.de\/shop\/produkt\/rundhals-t-shirt-wunschmotiv\/#breadcrumb","itemListElement":[{"@type":"ListItem","position":1,"name":"Startseite","item":"https:\/\/spotonline.de\/shop\/"},{"@type":"ListItem","position":2,"name":"Druckerzeugnisse, Textildrucke und Lifestyle","item":"https:\/\/spotonline.de\/shop\/"},{"@type":"ListItem","position":3,"name":"Rundhals T-Shirt mit Wunschmotiv"}]},{"@type":"WebSite","@id":"https:\/\/spotonline.de\/shop\/#website","url":"https:\/\/spotonline.de\/shop\/","name":"spotonline shop","description":"Shop f\u00fcr Druckerzeugnisse, T-Shirts, Leinwandbilder","publisher":{"@id":"https:\/\/spotonline.de\/shop\/#organization"},"potentialAction":[{"@type":"SearchAction","target":{"@type":"EntryPoint","urlTemplate":"https:\/\/spotonline.de\/shop\/?s={search_term_string}"},"query-input":{"@type":"PropertyValueSpecification","valueRequired":true,"valueName":"search_term_string"}}],"inLanguage":"de"},{"@type":"Organization","@id":"https:\/\/spotonline.de\/shop\/#organization","name":"spotonline","url":"https:\/\/spotonline.de\/shop\/","logo":{"@type":"ImageObject","inLanguage":"de","@id":"https:\/\/spotonline.de\/shop\/#\/schema\/logo\/image\/","url":"https:\/\/spotonline.de\/shop\/wp-content\/uploads\/2021\/03\/logo_trans_2_zu_1.png","contentUrl":"https:\/\/spotonline.de\/shop\/wp-content\/uploads\/2021\/03\/logo_trans_2_zu_1.png","width":1000,"height":500,"caption":"spotonline"},"image":{"@id":"https:\/\/spotonline.de\/shop\/#\/schema\/logo\/image\/"},"sameAs":["https:\/\/www.facebook.com\/spotonlineruhland","https:\/\/www.instagram.com\/spotonlineruhland","https:\/\/www.linkedin.com\/company\/spotonline"]}]}},"_links":{"self":[{"href":"https:\/\/spotonline.de\/shop\/wp-json\/wp\/v2\/product\/412","targetHints":{"allow":["GET"]}}],"collection":[{"href":"https:\/\/spotonline.de\/shop\/wp-json\/wp\/v2\/product"}],"about":[{"href":"https:\/\/spotonline.de\/shop\/wp-json\/wp\/v2\/types\/product"}],"wp:featuredmedia":[{"embeddable":true,"href":"https:\/\/spotonline.de\/shop\/wp-json\/wp\/v2\/media\/508"}],"wp:attachment":[{"href":"https:\/\/spotonline.de\/shop\/wp-json\/wp\/v2\/media?parent=412"}],"wp:term":[{"taxonomy":"product_cat","embeddable":true,"href":"https:\/\/spotonline.de\/shop\/wp-json\/wp\/v2\/product_cat?post=412"},{"taxonomy":"product_tag","embeddable":true,"href":"https:\/\/spotonline.de\/shop\/wp-json\/wp\/v2\/product_tag?post=412"}],"curies":[{"name":"wp","href":"https:\/\/api.w.org\/{rel}","templated":true}]}}