{"id":199,"date":"2021-02-23T21:31:46","date_gmt":"2021-02-23T20:31:46","guid":{"rendered":"https:\/\/www.spotonline.de\/shop\/?post_type=product&#038;p=199"},"modified":"2021-04-14T07:26:04","modified_gmt":"2021-04-14T05:26:04","slug":"expressplakat","status":"publish","type":"product","link":"https:\/\/spotonline.de\/shop\/produkt\/expressplakat\/","title":{"rendered":"Express- Plakat"},"content":{"rendered":"<p>Sollten Sie es mal etwas eiliger haben, k\u00f6nnen wir bei spotonline in Ruhland Ihr Plakat in wenigen Minuten drucken. Ihre Bestellung ist je nach Bestelleingang und Anzahl sp\u00e4testens am n\u00e4chsten Tag im Versand. Die Plakate sind Ideal f\u00fcr kurzfristige Anwendungen und werden\u00a0 einseitig ( 4\/0 &#8211; farbig) auf 115g\/m\u00b2 Papier gedruckt.<\/p>\n<p>Das Express- Plakat gibt es in den Gr\u00f6\u00dfen A0, A1 und A2. Pro Auftrag k\u00f6nnen maximal 10 Plakate bestellt werden. Ein Basisdatencheck ist inklusive.<\/p>\n","protected":false},"excerpt":{"rendered":"<p>Die Plakate sind Ideal f\u00fcr kurzfristige Anwendungen, einseitig ( 4\/0 &#8211; farbig) auf 115g\/m\u00b2 Papier gedruckt und in den Gr\u00f6\u00dfen A0, A1 und A2 erh\u00e4ltlich.<br \/>\nPro Auftrag k\u00f6nnen maximal 10 Plakate bestellt werden. Ein Basisdatencheck ist inklusive.<\/p>\n","protected":false},"featured_media":205,"template":"","meta":[],"product_cat":[52,58],"product_tag":[],"class_list":{"0":"post-199","1":"product","2":"type-product","3":"status-publish","4":"has-post-thumbnail","6":"product_cat-druckerzeugnisse","7":"product_cat-plakate","9":"first","10":"instock","11":"taxable","12":"shipping-taxable","13":"purchasable","14":"product-type-variable","15":"has-default-attributes"},"tiered_pricing_type":"fixed","tiered_pricing_fixed_rules":[],"tiered_pricing_percentage_rules":[],"tiered_pricing_minimum":1,"_administrator_tiered_pricing_type":"fixed","_administrator_tiered_pricing_fixed_rules":[],"_editor_tiered_pricing_type":"fixed","_editor_tiered_pricing_fixed_rules":[],"_author_tiered_pricing_type":"fixed","_author_tiered_pricing_fixed_rules":[],"_contributor_tiered_pricing_type":"fixed","_contributor_tiered_pricing_fixed_rules":[],"_subscriber_tiered_pricing_type":"fixed","_subscriber_tiered_pricing_fixed_rules":[],"_customer_tiered_pricing_type":"fixed","_customer_tiered_pricing_fixed_rules":[],"_shop_manager_tiered_pricing_type":"fixed","_shop_manager_tiered_pricing_fixed_rules":[],"_guest_tiered_pricing_type":"fixed","_guest_tiered_pricing_fixed_rules":[],"_wpseo_manager_tiered_pricing_type":"fixed","_wpseo_manager_tiered_pricing_fixed_rules":[],"_wpseo_editor_tiered_pricing_type":"fixed","_wpseo_editor_tiered_pricing_fixed_rules":[],"yoast_head":"<!-- This site is optimized with the Yoast SEO plugin v24.0 - https:\/\/yoast.com\/wordpress\/plugins\/seo\/ -->\n<title>Express- Plakat | spotonline shop<\/title>\n<meta name=\"description\" content=\"Das Express- Plakat ist in den Gr\u00f6\u00dfen A0, A1 und A2 erh\u00e4ltlich. Einseitig ( 4\/0 - farbig) auf 115g\/m\u00b2 Papier gedruckt.\" \/>\n<meta name=\"robots\" content=\"index, follow, max-snippet:-1, max-image-preview:large, max-video-preview:-1\" \/>\n<link rel=\"canonical\" href=\"https:\/\/spotonline.de\/shop\/produkt\/expressplakat\/\" \/>\n<meta property=\"og:locale\" content=\"de_DE\" \/>\n<meta property=\"og:type\" content=\"article\" \/>\n<meta property=\"og:title\" content=\"Express- Plakat | spotonline shop\" \/>\n<meta property=\"og:description\" content=\"Das Express- Plakat ist in den Gr\u00f6\u00dfen A0, A1 und A2 erh\u00e4ltlich. Einseitig ( 4\/0 - farbig) auf 115g\/m\u00b2 Papier gedruckt.\" \/>\n<meta property=\"og:url\" content=\"https:\/\/spotonline.de\/shop\/produkt\/expressplakat\/\" \/>\n<meta property=\"og:site_name\" content=\"spotonline shop\" \/>\n<meta property=\"article:publisher\" content=\"https:\/\/www.facebook.com\/spotonlineruhland\" \/>\n<meta property=\"article:modified_time\" content=\"2021-04-14T05:26:04+00:00\" \/>\n<meta property=\"og:image\" content=\"https:\/\/spotonline.de\/shop\/wp-content\/uploads\/2021\/02\/express-plakat.png\" \/>\n\t<meta property=\"og:image:width\" content=\"800\" \/>\n\t<meta property=\"og:image:height\" content=\"800\" \/>\n\t<meta property=\"og:image:type\" content=\"image\/png\" \/>\n<meta name=\"twitter:card\" content=\"summary_large_image\" \/>\n<script type=\"application\/ld+json\" class=\"yoast-schema-graph\">{\"@context\":\"https:\/\/schema.org\",\"@graph\":[{\"@type\":\"WebPage\",\"@id\":\"https:\/\/spotonline.de\/shop\/produkt\/expressplakat\/\",\"url\":\"https:\/\/spotonline.de\/shop\/produkt\/expressplakat\/\",\"name\":\"Express- Plakat | spotonline shop\",\"isPartOf\":{\"@id\":\"https:\/\/spotonline.de\/shop\/#website\"},\"primaryImageOfPage\":{\"@id\":\"https:\/\/spotonline.de\/shop\/produkt\/expressplakat\/#primaryimage\"},\"image\":{\"@id\":\"https:\/\/spotonline.de\/shop\/produkt\/expressplakat\/#primaryimage\"},\"thumbnailUrl\":\"https:\/\/spotonline.de\/shop\/wp-content\/uploads\/2021\/02\/express-plakat.png\",\"datePublished\":\"2021-02-23T20:31:46+00:00\",\"dateModified\":\"2021-04-14T05:26:04+00:00\",\"description\":\"Das Express- Plakat ist in den Gr\u00f6\u00dfen A0, A1 und A2 erh\u00e4ltlich. Einseitig ( 4\/0 - farbig) auf 115g\/m\u00b2 Papier gedruckt.\",\"breadcrumb\":{\"@id\":\"https:\/\/spotonline.de\/shop\/produkt\/expressplakat\/#breadcrumb\"},\"inLanguage\":\"de\",\"potentialAction\":[{\"@type\":\"ReadAction\",\"target\":[\"https:\/\/spotonline.de\/shop\/produkt\/expressplakat\/\"]}]},{\"@type\":\"ImageObject\",\"inLanguage\":\"de\",\"@id\":\"https:\/\/spotonline.de\/shop\/produkt\/expressplakat\/#primaryimage\",\"url\":\"https:\/\/spotonline.de\/shop\/wp-content\/uploads\/2021\/02\/express-plakat.png\",\"contentUrl\":\"https:\/\/spotonline.de\/shop\/wp-content\/uploads\/2021\/02\/express-plakat.png\",\"width\":800,\"height\":800,\"caption\":\"Express-Plakat\"},{\"@type\":\"BreadcrumbList\",\"@id\":\"https:\/\/spotonline.de\/shop\/produkt\/expressplakat\/#breadcrumb\",\"itemListElement\":[{\"@type\":\"ListItem\",\"position\":1,\"name\":\"Startseite\",\"item\":\"https:\/\/spotonline.de\/shop\/\"},{\"@type\":\"ListItem\",\"position\":2,\"name\":\"Druckerzeugnisse, Textildrucke und Lifestyle\",\"item\":\"https:\/\/spotonline.de\/shop\/\"},{\"@type\":\"ListItem\",\"position\":3,\"name\":\"Express- Plakat\"}]},{\"@type\":\"WebSite\",\"@id\":\"https:\/\/spotonline.de\/shop\/#website\",\"url\":\"https:\/\/spotonline.de\/shop\/\",\"name\":\"spotonline shop\",\"description\":\"Shop f\u00fcr Druckerzeugnisse, T-Shirts, Leinwandbilder\",\"publisher\":{\"@id\":\"https:\/\/spotonline.de\/shop\/#organization\"},\"potentialAction\":[{\"@type\":\"SearchAction\",\"target\":{\"@type\":\"EntryPoint\",\"urlTemplate\":\"https:\/\/spotonline.de\/shop\/?s={search_term_string}\"},\"query-input\":{\"@type\":\"PropertyValueSpecification\",\"valueRequired\":true,\"valueName\":\"search_term_string\"}}],\"inLanguage\":\"de\"},{\"@type\":\"Organization\",\"@id\":\"https:\/\/spotonline.de\/shop\/#organization\",\"name\":\"spotonline\",\"url\":\"https:\/\/spotonline.de\/shop\/\",\"logo\":{\"@type\":\"ImageObject\",\"inLanguage\":\"de\",\"@id\":\"https:\/\/spotonline.de\/shop\/#\/schema\/logo\/image\/\",\"url\":\"https:\/\/spotonline.de\/shop\/wp-content\/uploads\/2021\/03\/logo_trans_2_zu_1.png\",\"contentUrl\":\"https:\/\/spotonline.de\/shop\/wp-content\/uploads\/2021\/03\/logo_trans_2_zu_1.png\",\"width\":1000,\"height\":500,\"caption\":\"spotonline\"},\"image\":{\"@id\":\"https:\/\/spotonline.de\/shop\/#\/schema\/logo\/image\/\"},\"sameAs\":[\"https:\/\/www.facebook.com\/spotonlineruhland\",\"https:\/\/www.instagram.com\/spotonlineruhland\",\"https:\/\/www.linkedin.com\/company\/spotonline\"]}]}<\/script>\n<!-- \/ Yoast SEO plugin. -->","yoast_head_json":{"title":"Express- Plakat | spotonline shop","description":"Das Express- Plakat ist in den Gr\u00f6\u00dfen A0, A1 und A2 erh\u00e4ltlich. Einseitig ( 4\/0 - farbig) auf 115g\/m\u00b2 Papier gedruckt.","robots":{"index":"index","follow":"follow","max-snippet":"max-snippet:-1","max-image-preview":"max-image-preview:large","max-video-preview":"max-video-preview:-1"},"canonical":"https:\/\/spotonline.de\/shop\/produkt\/expressplakat\/","og_locale":"de_DE","og_type":"article","og_title":"Express- Plakat | spotonline shop","og_description":"Das Express- Plakat ist in den Gr\u00f6\u00dfen A0, A1 und A2 erh\u00e4ltlich. Einseitig ( 4\/0 - farbig) auf 115g\/m\u00b2 Papier gedruckt.","og_url":"https:\/\/spotonline.de\/shop\/produkt\/expressplakat\/","og_site_name":"spotonline shop","article_publisher":"https:\/\/www.facebook.com\/spotonlineruhland","article_modified_time":"2021-04-14T05:26:04+00:00","og_image":[{"width":800,"height":800,"url":"https:\/\/spotonline.de\/shop\/wp-content\/uploads\/2021\/02\/express-plakat.png","type":"image\/png"}],"twitter_card":"summary_large_image","schema":{"@context":"https:\/\/schema.org","@graph":[{"@type":"WebPage","@id":"https:\/\/spotonline.de\/shop\/produkt\/expressplakat\/","url":"https:\/\/spotonline.de\/shop\/produkt\/expressplakat\/","name":"Express- Plakat | spotonline shop","isPartOf":{"@id":"https:\/\/spotonline.de\/shop\/#website"},"primaryImageOfPage":{"@id":"https:\/\/spotonline.de\/shop\/produkt\/expressplakat\/#primaryimage"},"image":{"@id":"https:\/\/spotonline.de\/shop\/produkt\/expressplakat\/#primaryimage"},"thumbnailUrl":"https:\/\/spotonline.de\/shop\/wp-content\/uploads\/2021\/02\/express-plakat.png","datePublished":"2021-02-23T20:31:46+00:00","dateModified":"2021-04-14T05:26:04+00:00","description":"Das Express- Plakat ist in den Gr\u00f6\u00dfen A0, A1 und A2 erh\u00e4ltlich. Einseitig ( 4\/0 - farbig) auf 115g\/m\u00b2 Papier gedruckt.","breadcrumb":{"@id":"https:\/\/spotonline.de\/shop\/produkt\/expressplakat\/#breadcrumb"},"inLanguage":"de","potentialAction":[{"@type":"ReadAction","target":["https:\/\/spotonline.de\/shop\/produkt\/expressplakat\/"]}]},{"@type":"ImageObject","inLanguage":"de","@id":"https:\/\/spotonline.de\/shop\/produkt\/expressplakat\/#primaryimage","url":"https:\/\/spotonline.de\/shop\/wp-content\/uploads\/2021\/02\/express-plakat.png","contentUrl":"https:\/\/spotonline.de\/shop\/wp-content\/uploads\/2021\/02\/express-plakat.png","width":800,"height":800,"caption":"Express-Plakat"},{"@type":"BreadcrumbList","@id":"https:\/\/spotonline.de\/shop\/produkt\/expressplakat\/#breadcrumb","itemListElement":[{"@type":"ListItem","position":1,"name":"Startseite","item":"https:\/\/spotonline.de\/shop\/"},{"@type":"ListItem","position":2,"name":"Druckerzeugnisse, Textildrucke und Lifestyle","item":"https:\/\/spotonline.de\/shop\/"},{"@type":"ListItem","position":3,"name":"Express- Plakat"}]},{"@type":"WebSite","@id":"https:\/\/spotonline.de\/shop\/#website","url":"https:\/\/spotonline.de\/shop\/","name":"spotonline shop","description":"Shop f\u00fcr Druckerzeugnisse, T-Shirts, Leinwandbilder","publisher":{"@id":"https:\/\/spotonline.de\/shop\/#organization"},"potentialAction":[{"@type":"SearchAction","target":{"@type":"EntryPoint","urlTemplate":"https:\/\/spotonline.de\/shop\/?s={search_term_string}"},"query-input":{"@type":"PropertyValueSpecification","valueRequired":true,"valueName":"search_term_string"}}],"inLanguage":"de"},{"@type":"Organization","@id":"https:\/\/spotonline.de\/shop\/#organization","name":"spotonline","url":"https:\/\/spotonline.de\/shop\/","logo":{"@type":"ImageObject","inLanguage":"de","@id":"https:\/\/spotonline.de\/shop\/#\/schema\/logo\/image\/","url":"https:\/\/spotonline.de\/shop\/wp-content\/uploads\/2021\/03\/logo_trans_2_zu_1.png","contentUrl":"https:\/\/spotonline.de\/shop\/wp-content\/uploads\/2021\/03\/logo_trans_2_zu_1.png","width":1000,"height":500,"caption":"spotonline"},"image":{"@id":"https:\/\/spotonline.de\/shop\/#\/schema\/logo\/image\/"},"sameAs":["https:\/\/www.facebook.com\/spotonlineruhland","https:\/\/www.instagram.com\/spotonlineruhland","https:\/\/www.linkedin.com\/company\/spotonline"]}]}},"_links":{"self":[{"href":"https:\/\/spotonline.de\/shop\/wp-json\/wp\/v2\/product\/199","targetHints":{"allow":["GET"]}}],"collection":[{"href":"https:\/\/spotonline.de\/shop\/wp-json\/wp\/v2\/product"}],"about":[{"href":"https:\/\/spotonline.de\/shop\/wp-json\/wp\/v2\/types\/product"}],"wp:featuredmedia":[{"embeddable":true,"href":"https:\/\/spotonline.de\/shop\/wp-json\/wp\/v2\/media\/205"}],"wp:attachment":[{"href":"https:\/\/spotonline.de\/shop\/wp-json\/wp\/v2\/media?parent=199"}],"wp:term":[{"taxonomy":"product_cat","embeddable":true,"href":"https:\/\/spotonline.de\/shop\/wp-json\/wp\/v2\/product_cat?post=199"},{"taxonomy":"product_tag","embeddable":true,"href":"https:\/\/spotonline.de\/shop\/wp-json\/wp\/v2\/product_tag?post=199"}],"curies":[{"name":"wp","href":"https:\/\/api.w.org\/{rel}","templated":true}]}}