{"id":217,"date":"2021-02-26T14:33:32","date_gmt":"2021-02-26T13:33:32","guid":{"rendered":"https:\/\/www.spotonline.de\/shop\/?page_id=217"},"modified":"2021-05-25T10:31:03","modified_gmt":"2021-05-25T08:31:03","slug":"produktdaten","status":"publish","type":"page","link":"https:\/\/spotonline.de\/shop\/produktdaten\/","title":{"rendered":"Produktdaten"},"content":{"rendered":"<p>Bitte beachten Sie f\u00fcr die Produktdaten die Hinweise und Anforderungen in unserem Shop. Pr\u00fcfen Sie Ihre Dateien auf folgende Eigenschaften:<\/p><ul class=\"wp-block-list\"><li>Farben sind im CMYK angelegt<\/li><li>Stimmen die Seitenma\u00dfe<\/li><li>Datenformat kann gelesen werden (pdf, jpg, eps, tiff, cdr, png)<\/li><li>Anzahl der Seiten ist korrekt<\/li><li>Seitenreihenfolge ist korrekt beim Druck<\/li><li>Daten sind in Graustufen angelegt, wenn 1-farbig bestellt wurde<\/li><li>Sonderfarben sind korrekt angelegt und bezeichnet<\/li><li>Schriften sind eingebettet<\/li><li>Aufl\u00f6sung (mindestens 300pdi) ist ausreichend<\/li><li>Beschnittzugabe ist korrekt (mindestens 3mm)<\/li><li>Abstand Bilder und Schrift zum Rand ist ausreichend (mindestens 4mm)<\/li><li>Falzart &amp; Position sind korrekt<\/li><\/ul><h2 class=\"wp-block-heading\">Hinweis<\/h2><p>Legen Sie Hintergrundbilder, Farben, Verl\u00e4ufe und Grafiken bis an den Rand des Datenformats an. Wenn Ihr Produkt geschnitten wird, k\u00f6nnen kleinere Toleranzen auftreten.<\/p><p>Der Farbmodus Ihrer Druckdaten muss CMYK sein. Die Farben werden f\u00fcr den Druck in CMYK gewandelt. Diese Umrechnung kann die Farben minimal ver\u00e4ndern.<\/p><p>Die Aufl\u00f6sung der Bilder und Grafiken sollte mindestens 300 dpi betragen. Ist die Aufl\u00f6sung nicht hoch genug, kann das Produkt pixelig wirken.<\/p><p>Speichern Sie Ihr Dokument im PDF-Format. Betten Sie die Schriften soweit wie m\u00f6glich ein und reduzieren Sie die Transparenzen.<\/p><p>Mehrseitige Dokumente senden Sie als eine einzige PDF-Datei in chronologisch richtiger Reihenfolge oder benennen Sie Einzeldokumente entsprechend mit fortlaufenden Seitennummern.<\/p><h2 class=\"wp-block-heading\">Banner<\/h2><p>Die Metall-\u00d6sen werden so platziert, dass sich die Lochmitte ca. 17-20mm vom Rand entfernt befindet. Wenn Sie mit wichtigen Gestaltungselementen etwa 4cm vom Rand wegbleiben, wird kein Element von einer \u00d6se verdeckt.<\/p>","protected":false},"excerpt":{"rendered":"<p>Bitte beachten Sie f\u00fcr die Produktdaten die Hinweise und Anforderungen in unserem Shop. Pr\u00fcfen Sie Ihre Dateien auf folgende Eigenschaften: Farben sind im CMYK angelegt Stimmen die Seitenma\u00dfe Datenformat kann gelesen werden (pdf, jpg, eps, tiff, cdr, png) Anzahl der Seiten ist korrekt Seitenreihenfolge ist korrekt beim Druck Daten sind in Graustufen angelegt, wenn 1-farbig [&hellip;]<\/p>\n","protected":false},"author":1,"featured_media":0,"parent":0,"menu_order":0,"comment_status":"closed","ping_status":"closed","template":"","meta":{"footnotes":""},"class_list":["post-217","page","type-page","status-publish","hentry"],"yoast_head":"<!-- This site is optimized with the Yoast SEO plugin v24.0 - https:\/\/yoast.com\/wordpress\/plugins\/seo\/ -->\n<title>Produktdaten - Hinweise und Anforderungen | spotonline shop<\/title>\n<meta name=\"description\" content=\"Beachten Sie die Hinweise f\u00fcr die Produktdaten. Fehlerfreie Daten von Ihnen erh\u00f6hen die Qualit\u00e4t der Produkte.\" \/>\n<meta name=\"robots\" content=\"index, follow, max-snippet:-1, max-image-preview:large, max-video-preview:-1\" \/>\n<link rel=\"canonical\" href=\"https:\/\/spotonline.de\/shop\/produktdaten\/\" \/>\n<meta property=\"og:locale\" content=\"de_DE\" \/>\n<meta property=\"og:type\" content=\"article\" \/>\n<meta property=\"og:title\" content=\"Produktdaten - Hinweise und Anforderungen | spotonline shop\" \/>\n<meta property=\"og:description\" content=\"Beachten Sie die Hinweise f\u00fcr die Produktdaten. Fehlerfreie Daten von Ihnen erh\u00f6hen die Qualit\u00e4t der Produkte.\" \/>\n<meta property=\"og:url\" content=\"https:\/\/spotonline.de\/shop\/produktdaten\/\" \/>\n<meta property=\"og:site_name\" content=\"spotonline shop\" \/>\n<meta property=\"article:publisher\" content=\"https:\/\/www.facebook.com\/spotonlineruhland\" \/>\n<meta property=\"article:modified_time\" content=\"2021-05-25T08:31:03+00:00\" \/>\n<meta name=\"twitter:card\" content=\"summary_large_image\" \/>\n<meta name=\"twitter:label1\" content=\"Gesch\u00e4tzte Lesezeit\" \/>\n\t<meta name=\"twitter:data1\" content=\"2\u00a0Minuten\" \/>\n<script type=\"application\/ld+json\" class=\"yoast-schema-graph\">{\"@context\":\"https:\/\/schema.org\",\"@graph\":[{\"@type\":\"WebPage\",\"@id\":\"https:\/\/spotonline.de\/shop\/produktdaten\/\",\"url\":\"https:\/\/spotonline.de\/shop\/produktdaten\/\",\"name\":\"Produktdaten - Hinweise und Anforderungen | spotonline shop\",\"isPartOf\":{\"@id\":\"https:\/\/spotonline.de\/shop\/#website\"},\"datePublished\":\"2021-02-26T13:33:32+00:00\",\"dateModified\":\"2021-05-25T08:31:03+00:00\",\"description\":\"Beachten Sie die Hinweise f\u00fcr die Produktdaten. Fehlerfreie Daten von Ihnen erh\u00f6hen die Qualit\u00e4t der Produkte.\",\"breadcrumb\":{\"@id\":\"https:\/\/spotonline.de\/shop\/produktdaten\/#breadcrumb\"},\"inLanguage\":\"de\",\"potentialAction\":[{\"@type\":\"ReadAction\",\"target\":[\"https:\/\/spotonline.de\/shop\/produktdaten\/\"]}]},{\"@type\":\"BreadcrumbList\",\"@id\":\"https:\/\/spotonline.de\/shop\/produktdaten\/#breadcrumb\",\"itemListElement\":[{\"@type\":\"ListItem\",\"position\":1,\"name\":\"Startseite\",\"item\":\"https:\/\/spotonline.de\/shop\/\"},{\"@type\":\"ListItem\",\"position\":2,\"name\":\"Produktdaten\"}]},{\"@type\":\"WebSite\",\"@id\":\"https:\/\/spotonline.de\/shop\/#website\",\"url\":\"https:\/\/spotonline.de\/shop\/\",\"name\":\"spotonline shop\",\"description\":\"Shop f\u00fcr Druckerzeugnisse, T-Shirts, Leinwandbilder\",\"publisher\":{\"@id\":\"https:\/\/spotonline.de\/shop\/#organization\"},\"potentialAction\":[{\"@type\":\"SearchAction\",\"target\":{\"@type\":\"EntryPoint\",\"urlTemplate\":\"https:\/\/spotonline.de\/shop\/?s={search_term_string}\"},\"query-input\":{\"@type\":\"PropertyValueSpecification\",\"valueRequired\":true,\"valueName\":\"search_term_string\"}}],\"inLanguage\":\"de\"},{\"@type\":\"Organization\",\"@id\":\"https:\/\/spotonline.de\/shop\/#organization\",\"name\":\"spotonline\",\"url\":\"https:\/\/spotonline.de\/shop\/\",\"logo\":{\"@type\":\"ImageObject\",\"inLanguage\":\"de\",\"@id\":\"https:\/\/spotonline.de\/shop\/#\/schema\/logo\/image\/\",\"url\":\"https:\/\/spotonline.de\/shop\/wp-content\/uploads\/2021\/03\/logo_trans_2_zu_1.png\",\"contentUrl\":\"https:\/\/spotonline.de\/shop\/wp-content\/uploads\/2021\/03\/logo_trans_2_zu_1.png\",\"width\":1000,\"height\":500,\"caption\":\"spotonline\"},\"image\":{\"@id\":\"https:\/\/spotonline.de\/shop\/#\/schema\/logo\/image\/\"},\"sameAs\":[\"https:\/\/www.facebook.com\/spotonlineruhland\",\"https:\/\/www.instagram.com\/spotonlineruhland\",\"https:\/\/www.linkedin.com\/company\/spotonline\"]}]}<\/script>\n<!-- \/ Yoast SEO plugin. -->","yoast_head_json":{"title":"Produktdaten - Hinweise und Anforderungen | spotonline shop","description":"Beachten Sie die Hinweise f\u00fcr die Produktdaten. Fehlerfreie Daten von Ihnen erh\u00f6hen die Qualit\u00e4t der Produkte.","robots":{"index":"index","follow":"follow","max-snippet":"max-snippet:-1","max-image-preview":"max-image-preview:large","max-video-preview":"max-video-preview:-1"},"canonical":"https:\/\/spotonline.de\/shop\/produktdaten\/","og_locale":"de_DE","og_type":"article","og_title":"Produktdaten - Hinweise und Anforderungen | spotonline shop","og_description":"Beachten Sie die Hinweise f\u00fcr die Produktdaten. Fehlerfreie Daten von Ihnen erh\u00f6hen die Qualit\u00e4t der Produkte.","og_url":"https:\/\/spotonline.de\/shop\/produktdaten\/","og_site_name":"spotonline shop","article_publisher":"https:\/\/www.facebook.com\/spotonlineruhland","article_modified_time":"2021-05-25T08:31:03+00:00","twitter_card":"summary_large_image","twitter_misc":{"Gesch\u00e4tzte Lesezeit":"2\u00a0Minuten"},"schema":{"@context":"https:\/\/schema.org","@graph":[{"@type":"WebPage","@id":"https:\/\/spotonline.de\/shop\/produktdaten\/","url":"https:\/\/spotonline.de\/shop\/produktdaten\/","name":"Produktdaten - Hinweise und Anforderungen | spotonline shop","isPartOf":{"@id":"https:\/\/spotonline.de\/shop\/#website"},"datePublished":"2021-02-26T13:33:32+00:00","dateModified":"2021-05-25T08:31:03+00:00","description":"Beachten Sie die Hinweise f\u00fcr die Produktdaten. Fehlerfreie Daten von Ihnen erh\u00f6hen die Qualit\u00e4t der Produkte.","breadcrumb":{"@id":"https:\/\/spotonline.de\/shop\/produktdaten\/#breadcrumb"},"inLanguage":"de","potentialAction":[{"@type":"ReadAction","target":["https:\/\/spotonline.de\/shop\/produktdaten\/"]}]},{"@type":"BreadcrumbList","@id":"https:\/\/spotonline.de\/shop\/produktdaten\/#breadcrumb","itemListElement":[{"@type":"ListItem","position":1,"name":"Startseite","item":"https:\/\/spotonline.de\/shop\/"},{"@type":"ListItem","position":2,"name":"Produktdaten"}]},{"@type":"WebSite","@id":"https:\/\/spotonline.de\/shop\/#website","url":"https:\/\/spotonline.de\/shop\/","name":"spotonline shop","description":"Shop f\u00fcr Druckerzeugnisse, T-Shirts, Leinwandbilder","publisher":{"@id":"https:\/\/spotonline.de\/shop\/#organization"},"potentialAction":[{"@type":"SearchAction","target":{"@type":"EntryPoint","urlTemplate":"https:\/\/spotonline.de\/shop\/?s={search_term_string}"},"query-input":{"@type":"PropertyValueSpecification","valueRequired":true,"valueName":"search_term_string"}}],"inLanguage":"de"},{"@type":"Organization","@id":"https:\/\/spotonline.de\/shop\/#organization","name":"spotonline","url":"https:\/\/spotonline.de\/shop\/","logo":{"@type":"ImageObject","inLanguage":"de","@id":"https:\/\/spotonline.de\/shop\/#\/schema\/logo\/image\/","url":"https:\/\/spotonline.de\/shop\/wp-content\/uploads\/2021\/03\/logo_trans_2_zu_1.png","contentUrl":"https:\/\/spotonline.de\/shop\/wp-content\/uploads\/2021\/03\/logo_trans_2_zu_1.png","width":1000,"height":500,"caption":"spotonline"},"image":{"@id":"https:\/\/spotonline.de\/shop\/#\/schema\/logo\/image\/"},"sameAs":["https:\/\/www.facebook.com\/spotonlineruhland","https:\/\/www.instagram.com\/spotonlineruhland","https:\/\/www.linkedin.com\/company\/spotonline"]}]}},"_links":{"self":[{"href":"https:\/\/spotonline.de\/shop\/wp-json\/wp\/v2\/pages\/217","targetHints":{"allow":["GET"]}}],"collection":[{"href":"https:\/\/spotonline.de\/shop\/wp-json\/wp\/v2\/pages"}],"about":[{"href":"https:\/\/spotonline.de\/shop\/wp-json\/wp\/v2\/types\/page"}],"author":[{"embeddable":true,"href":"https:\/\/spotonline.de\/shop\/wp-json\/wp\/v2\/users\/1"}],"replies":[{"embeddable":true,"href":"https:\/\/spotonline.de\/shop\/wp-json\/wp\/v2\/comments?post=217"}],"version-history":[{"count":9,"href":"https:\/\/spotonline.de\/shop\/wp-json\/wp\/v2\/pages\/217\/revisions"}],"predecessor-version":[{"id":758,"href":"https:\/\/spotonline.de\/shop\/wp-json\/wp\/v2\/pages\/217\/revisions\/758"}],"wp:attachment":[{"href":"https:\/\/spotonline.de\/shop\/wp-json\/wp\/v2\/media?parent=217"}],"curies":[{"name":"wp","href":"https:\/\/api.w.org\/{rel}","templated":true}]}}